{"id":378,"date":"2020-07-20T07:39:16","date_gmt":"2020-07-20T07:39:16","guid":{"rendered":"https:\/\/site.educa.madrid.org\/ies.villablanca.madrid\/?page_id=378"},"modified":"2025-11-05T06:39:11","modified_gmt":"2025-11-05T05:39:11","slug":"departamento-de-geografia-e-historia","status":"publish","type":"page","link":"https:\/\/site.educa.madrid.org\/ies.villablanca.madrid\/index.php\/departamento-de-geografia-e-historia\/","title":{"rendered":"Departamento de Geograf\u00eda e Historia"},"content":{"rendered":"\n<p><strong>ACCESO A LAS AULAS VIRTUALES DEL DEPARTAMENTO:<\/strong><\/p>\n\n\n\n<p><a href=\"https:\/\/aulavirtual3.educa.madrid.org\/ies.villablanca.madrid\/course\/index.php?categoryid=23\">https:\/\/aulavirtual3.educa.madrid.org\/ies.villablanca.madrid\/course\/index.php?categoryid=23<\/a><\/p>\n\n\n\n<p><strong>PROGRAMACI\u00d3N DEL DEPARTAMENTO:<\/strong><\/p>\n\n\n\n<p>Criterios de calificaci\u00f3n e instrumentos de valoraci\u00f3n del Departamento de Geograf\u00eda e Historia 2025-26. <a href=\"https:\/\/cloud.educa.madrid.org\/s\/RHKGP7bt2jHP4TM\" data-type=\"link\" data-id=\"https:\/\/cloud.educa.madrid.org\/s\/RHKGP7bt2jHP4TM\">Descarga<\/a>.<\/p>\n\n\n\n<p><\/p>\n\n\n\n<p><\/p>\n\n\n\n<p><strong>INFORMACI\u00d3N DE ASIGNATURAS PENDIENTE<\/strong>S:<\/p>\n\n\n\n<p>Seg\u00fan la legislaci\u00f3n vigente para el curso 25-26, los alumnos que tengan asignaturas pendientes tendr\u00e1n un seguimiento personalizado por por parte del profesor de la asignatura de G\u00aa e Historia que tenga en su curso, que supervisar\u00e1 las actividades necesarias para recuperar las asignaturas pendientes.<\/p>\n\n\n\n<p>Los profesores de las asignaturas de Geograf\u00eda e Historia proporcionar\u00e1n, a traves de las <strong>aulas virtuales<\/strong>, los cuadernillos de actividades a realizar por los alumnos que tengan asignaturas pendientes, para preparar el examen de recuperaci\u00f3n, que ser\u00e1 personalizado el d\u00eda que proponga el profesor.<\/p>\n\n\n\n<p><\/p>\n\n\n\n<p><\/p>\n\n\n\n<p><strong>INFORMACI\u00d3N DE ACTIVIDADES PARA REPETIDORES<\/strong>:<\/p>\n\n\n\n<p>Seg\u00fan la legislaci\u00f3n vigente para el curso 25-26, los alumnos est\u00e9n repitiendo realizar\u00e1n actividades de ampliaci\u00f3n o refuerzo que encontrar\u00e1n en las aulas virtuales de los profesores del curso.<\/p>\n","protected":false},"excerpt":{"rendered":"<p>ACCESO A LAS AULAS VIRTUALES DEL DEPARTAMENTO: https:\/\/aulavirtual3.educa.madrid.org\/ies.villablanca.madrid\/course\/index.php?categoryid=23 PROGRAMACI\u00d3N DEL DEPARTAMENTO: Criterios de calificaci\u00f3n e instrumentos de valoraci\u00f3n del Departamento de Geograf\u00eda e Historia 2025-26. Descarga. INFORMACI\u00d3N DE ASIGNATURAS PENDIENTES: &#8230;<\/p>\n","protected":false},"author":22,"featured_media":0,"parent":0,"menu_order":0,"comment_status":"closed","ping_status":"closed","template":"","meta":{"footnotes":""},"folder":[],"class_list":["post-378","page","type-page","status-publish","hentry"],"rttpg_featured_image_url":null,"rttpg_author":{"display_name":"Departamento Geograf\u00eda e Historia IES Villablanca","author_link":"https:\/\/site.educa.madrid.org\/ies.villablanca.madrid\/index.php\/author\/cuenta_depgeohistoria-ies-villablanca-madrid\/"},"rttpg_comment":0,"rttpg_category":false,"rttpg_excerpt":"ACCESO A LAS AULAS VIRTUALES DEL DEPARTAMENTO: https:\/\/aulavirtual3.educa.madrid.org\/ies.villablanca.madrid\/course\/index.php?categoryid=23 PROGRAMACI\u00d3N DEL DEPARTAMENTO: Criterios de calificaci\u00f3n e instrumentos de valoraci\u00f3n del Departamento de Geograf\u00eda e Historia 2025-26. Descarga. INFORMACI\u00d3N DE ASIGNATURAS PENDIENTES: ...","post_mailing_queue_ids":[],"_links":{"self":[{"href":"https:\/\/site.educa.madrid.org\/ies.villablanca.madrid\/index.php\/wp-json\/wp\/v2\/pages\/378","targetHints":{"allow":["GET"]}}],"collection":[{"href":"https:\/\/site.educa.madrid.org\/ies.villablanca.madrid\/index.php\/wp-json\/wp\/v2\/pages"}],"about":[{"href":"https:\/\/site.educa.madrid.org\/ies.villablanca.madrid\/index.php\/wp-json\/wp\/v2\/types\/page"}],"author":[{"embeddable":true,"href":"https:\/\/site.educa.madrid.org\/ies.villablanca.madrid\/index.php\/wp-json\/wp\/v2\/users\/22"}],"replies":[{"embeddable":true,"href":"https:\/\/site.educa.madrid.org\/ies.villablanca.madrid\/index.php\/wp-json\/wp\/v2\/comments?post=378"}],"version-history":[{"count":50,"href":"https:\/\/site.educa.madrid.org\/ies.villablanca.madrid\/index.php\/wp-json\/wp\/v2\/pages\/378\/revisions"}],"predecessor-version":[{"id":10187,"href":"https:\/\/site.educa.madrid.org\/ies.villablanca.madrid\/index.php\/wp-json\/wp\/v2\/pages\/378\/revisions\/10187"}],"wp:attachment":[{"href":"https:\/\/site.educa.madrid.org\/ies.villablanca.madrid\/index.php\/wp-json\/wp\/v2\/media?parent=378"}],"wp:term":[{"taxonomy":"folder","embeddable":true,"href":"https:\/\/site.educa.madrid.org\/ies.villablanca.madrid\/index.php\/wp-json\/wp\/v2\/folder?post=378"}],"curies":[{"name":"wp","href":"https:\/\/api.w.org\/{rel}","templated":true}]}}