{"id":394,"date":"2020-07-20T07:43:02","date_gmt":"2020-07-20T07:43:02","guid":{"rendered":"https:\/\/site.educa.madrid.org\/ies.villablanca.madrid\/?page_id=394"},"modified":"2025-11-17T12:46:43","modified_gmt":"2025-11-17T11:46:43","slug":"departamento-de-lengua-y-literatura","status":"publish","type":"page","link":"https:\/\/site.educa.madrid.org\/ies.villablanca.madrid\/index.php\/departamento-de-lengua-y-literatura\/","title":{"rendered":"Departamento de Lengua y Literatura"},"content":{"rendered":"\n<p><strong>DOCUMENTACI\u00d3N<\/strong><\/p>\n\n\n\n<p><a href=\"https:\/\/cloud.educa.madrid.org\/s\/SHyCd2kTCbEDRC4\">Pincha aqu\u00ed para documentaci\u00f3n varia del departamento: PROGRAMACIONES, PLAN LECTOR, PENDIENTES<\/a>.<\/p>\n","protected":false},"excerpt":{"rendered":"<p>DOCUMENTACI\u00d3N Pincha aqu\u00ed para documentaci\u00f3n varia del departamento: PROGRAMACIONES, PLAN LECTOR, PENDIENTES.<\/p>\n","protected":false},"author":24,"featured_media":0,"parent":0,"menu_order":0,"comment_status":"closed","ping_status":"closed","template":"","meta":{"footnotes":""},"folder":[],"class_list":["post-394","page","type-page","status-publish","hentry"],"rttpg_featured_image_url":null,"rttpg_author":{"display_name":"Departamento Lengua y Literatura IES Villablanca","author_link":"https:\/\/site.educa.madrid.org\/ies.villablanca.madrid\/index.php\/author\/cuenta_deplengualiteratura-ies-villablanca-madrid\/"},"rttpg_comment":0,"rttpg_category":false,"rttpg_excerpt":"DOCUMENTACI\u00d3N Pincha aqu\u00ed para documentaci\u00f3n varia del departamento: PROGRAMACIONES, PLAN LECTOR, PENDIENTES.","post_mailing_queue_ids":[],"_links":{"self":[{"href":"https:\/\/site.educa.madrid.org\/ies.villablanca.madrid\/index.php\/wp-json\/wp\/v2\/pages\/394","targetHints":{"allow":["GET"]}}],"collection":[{"href":"https:\/\/site.educa.madrid.org\/ies.villablanca.madrid\/index.php\/wp-json\/wp\/v2\/pages"}],"about":[{"href":"https:\/\/site.educa.madrid.org\/ies.villablanca.madrid\/index.php\/wp-json\/wp\/v2\/types\/page"}],"author":[{"embeddable":true,"href":"https:\/\/site.educa.madrid.org\/ies.villablanca.madrid\/index.php\/wp-json\/wp\/v2\/users\/24"}],"replies":[{"embeddable":true,"href":"https:\/\/site.educa.madrid.org\/ies.villablanca.madrid\/index.php\/wp-json\/wp\/v2\/comments?post=394"}],"version-history":[{"count":50,"href":"https:\/\/site.educa.madrid.org\/ies.villablanca.madrid\/index.php\/wp-json\/wp\/v2\/pages\/394\/revisions"}],"predecessor-version":[{"id":10225,"href":"https:\/\/site.educa.madrid.org\/ies.villablanca.madrid\/index.php\/wp-json\/wp\/v2\/pages\/394\/revisions\/10225"}],"wp:attachment":[{"href":"https:\/\/site.educa.madrid.org\/ies.villablanca.madrid\/index.php\/wp-json\/wp\/v2\/media?parent=394"}],"wp:term":[{"taxonomy":"folder","embeddable":true,"href":"https:\/\/site.educa.madrid.org\/ies.villablanca.madrid\/index.php\/wp-json\/wp\/v2\/folder?post=394"}],"curies":[{"name":"wp","href":"https:\/\/api.w.org\/{rel}","templated":true}]}}