{"id":398,"date":"2020-07-20T07:44:02","date_gmt":"2020-07-20T07:44:02","guid":{"rendered":"https:\/\/site.educa.madrid.org\/ies.villablanca.madrid\/?page_id=398"},"modified":"2025-12-17T17:25:11","modified_gmt":"2025-12-17T16:25:11","slug":"departamento-de-tecnologia","status":"publish","type":"page","link":"https:\/\/site.educa.madrid.org\/ies.villablanca.madrid\/index.php\/departamento-de-tecnologia\/","title":{"rendered":"Departamento de Tecnolog\u00eda"},"content":{"rendered":"\n<p><\/p>\n\n\n\n<p><\/p>\n\n\n\n<p><a rel=\"noreferrer noopener\" href=\"https:\/\/aulavirtual3.educa.madrid.org\/ies.villablanca.madrid\/course\/index.php?categoryid=17\" target=\"_blank\"><strong>AULAS VIRTUALES<\/strong><\/a><\/p>\n\n\n\n<ul class=\"wp-block-list\">\n<li><strong><a href=\"https:\/\/cloud.educa.madrid.org\/s\/82o4mGDbHrzJ98x\" target=\"_blank\" rel=\"noreferrer noopener\">1 ESO. CIENCIAS DE LA COMPUTACI\u00d3N<\/a><\/strong><\/li>\n\n\n\n<li><strong><a href=\"https:\/\/cloud.educa.madrid.org\/s\/FmYYYCxrgX4c3gp\" target=\"_blank\" rel=\"noreferrer noopener\">2 ESO. CIENCIAS DE LA COMPUTACI\u00d3N<\/a><\/strong><\/li>\n\n\n\n<li><strong><a href=\"https:\/\/cloud.educa.madrid.org\/s\/JLyw3zz24zjp3AF\" target=\"_blank\" rel=\"noreferrer noopener\">2 ESO. TECNOLOG\u00cdA Y DIGITALIZACI\u00d3N<\/a><\/strong><\/li>\n\n\n\n<li><strong><a href=\"https:\/\/cloud.educa.madrid.org\/s\/osEDqRXNDNw5jaH\" target=\"_blank\" rel=\"noreferrer noopener\">3 ESO. TECNOLOG\u00cdA Y DIGITALIZACI\u00d3N<\/a><\/strong><\/li>\n\n\n\n<li><strong><a href=\"https:\/\/cloud.educa.madrid.org\/s\/oE7bkiws38EsqCQ\" target=\"_blank\" rel=\"noreferrer noopener\">3 ESO. PROYECTO TECNOL\u00d3GICO EN PROGRAMACI\u00d3N Y ROB\u00d3TICA I<\/a><\/strong><\/li>\n\n\n\n<li><strong><a href=\"https:\/\/cloud.educa.madrid.org\/s\/kAFnJSeWHmQXE6z\" target=\"_blank\" rel=\"noreferrer noopener\">4 ESO. TECNOLOG\u00cdA<\/a><\/strong><\/li>\n\n\n\n<li><strong><a href=\"https:\/\/cloud.educa.madrid.org\/s\/rdN6QrLywS3jQej\" target=\"_blank\" rel=\"noreferrer noopener\">4 ESO. DIGITALIZACI\u00d3N<\/a><\/strong><\/li>\n\n\n\n<li><strong><a href=\"https:\/\/cloud.educa.madrid.org\/s\/DE9ED5zy7cbSbMp\" target=\"_blank\" rel=\"noreferrer noopener\">4\u00ba DIVER . \u00c1MBITO CIENT\u00cdFICO TECNOL\u00d3GICO II<\/a><\/strong><\/li>\n\n\n\n<li><strong><a href=\"https:\/\/cloud.educa.madrid.org\/s\/62Xk48fLDEDSr9F\" target=\"_blank\" rel=\"noreferrer noopener\">1\u00ba BACH. CIENCIAS DE LA COMPUTACI\u00d3N<\/a><\/strong><\/li>\n\n\n\n<li><strong><a href=\"https:\/\/cloud.educa.madrid.org\/s\/SbMZDpBnosoj4iH\" target=\"_blank\" rel=\"noreferrer noopener\">1\u00ba BACH. TECNOLOG\u00cdA E INGENIER\u00cdA I<\/a><\/strong><\/li>\n\n\n\n<li><strong><a href=\"https:\/\/cloud.educa.madrid.org\/s\/myokE6EnSMJ6rbR\" target=\"_blank\" rel=\"noreferrer noopener\">2\u00ba BACH. CIENCIAS DE LA COMPUTACI\u00d3N<\/a><\/strong><\/li>\n\n\n\n<li><strong><a href=\"https:\/\/cloud.educa.madrid.org\/s\/Lwoi2RpjRoP6SwS\" target=\"_blank\" rel=\"noreferrer noopener\">2\u00ba BACH. TECNOLOG\u00cdA E INGENIER\u00cdA II<\/a><\/strong><\/li>\n<\/ul>\n\n\n\n<p><\/p>\n\n\n\n<p><\/p>\n\n\n\n<p><a href=\"https:\/\/cloud.educa.madrid.org\/s\/S8SESEpYA9SQWEW\" data-type=\"link\" data-id=\"https:\/\/cloud.educa.madrid.org\/s\/ZsjGwKH6rZ5nM6t\" target=\"_blank\" rel=\"noreferrer noopener\">CRITERIOS DE CALIFICACI\u00d3N<\/a><\/p>\n\n\n\n<p>Abiertas inscripciones <strong>Spanish Space Design Competition 2026<\/strong><\/p>\n\n\n\n<p>Tienes toda la informaci\u00f3n en esta web:<\/p>\n\n\n\n<p><a href=\"https:\/\/www.spsdc.spsin.org\/\">https:\/\/www.spsdc.spsin.org\/<\/a><\/p>\n\n\n\n<p>Si est\u00e1s interesado <strong>inscr\u00edbete aqu\u00ed <\/strong>y com\u00e9ntaselo a tu profesor de tecnolog\u00eda, cicencias de la computaci\u00f3n, digitalizaci\u00f3n o la jefa de departamento de tecnolog\u00eda <strong>Ester Torices Serrano.<\/strong><\/p>\n\n\n\n<p><a href=\"https:\/\/www.spsdc.spsin.org\/compete.html\" data-type=\"link\" data-id=\"https:\/\/www.spsdc.spsin.org\/compete.html\">https:\/\/www.spsdc.spsin.org\/compete.html<\/a><\/p>\n","protected":false},"excerpt":{"rendered":"<p>AULAS VIRTUALES CRITERIOS DE CALIFICACI\u00d3N Abiertas inscripciones Spanish Space Design Competition 2026 Tienes toda la informaci\u00f3n en esta web: https:\/\/www.spsdc.spsin.org\/ Si est\u00e1s interesado inscr\u00edbete aqu\u00ed y com\u00e9ntaselo a tu profesor &#8230;<\/p>\n","protected":false},"author":31,"featured_media":0,"parent":0,"menu_order":0,"comment_status":"closed","ping_status":"closed","template":"","meta":{"footnotes":""},"folder":[],"class_list":["post-398","page","type-page","status-publish","hentry"],"rttpg_featured_image_url":null,"rttpg_author":{"display_name":"Departamento Tecnolog\u00eda IES Villablanca","author_link":"https:\/\/site.educa.madrid.org\/ies.villablanca.madrid\/index.php\/author\/cuenta_deptecnologia-ies-villablanca-madrid\/"},"rttpg_comment":0,"rttpg_category":false,"rttpg_excerpt":"AULAS VIRTUALES CRITERIOS DE CALIFICACI\u00d3N Abiertas inscripciones Spanish Space Design Competition 2026 Tienes toda la informaci\u00f3n en esta web: https:\/\/www.spsdc.spsin.org\/ Si est\u00e1s interesado inscr\u00edbete aqu\u00ed y com\u00e9ntaselo a tu profesor ...","post_mailing_queue_ids":[],"_links":{"self":[{"href":"https:\/\/site.educa.madrid.org\/ies.villablanca.madrid\/index.php\/wp-json\/wp\/v2\/pages\/398","targetHints":{"allow":["GET"]}}],"collection":[{"href":"https:\/\/site.educa.madrid.org\/ies.villablanca.madrid\/index.php\/wp-json\/wp\/v2\/pages"}],"about":[{"href":"https:\/\/site.educa.madrid.org\/ies.villablanca.madrid\/index.php\/wp-json\/wp\/v2\/types\/page"}],"author":[{"embeddable":true,"href":"https:\/\/site.educa.madrid.org\/ies.villablanca.madrid\/index.php\/wp-json\/wp\/v2\/users\/31"}],"replies":[{"embeddable":true,"href":"https:\/\/site.educa.madrid.org\/ies.villablanca.madrid\/index.php\/wp-json\/wp\/v2\/comments?post=398"}],"version-history":[{"count":50,"href":"https:\/\/site.educa.madrid.org\/ies.villablanca.madrid\/index.php\/wp-json\/wp\/v2\/pages\/398\/revisions"}],"predecessor-version":[{"id":10404,"href":"https:\/\/site.educa.madrid.org\/ies.villablanca.madrid\/index.php\/wp-json\/wp\/v2\/pages\/398\/revisions\/10404"}],"wp:attachment":[{"href":"https:\/\/site.educa.madrid.org\/ies.villablanca.madrid\/index.php\/wp-json\/wp\/v2\/media?parent=398"}],"wp:term":[{"taxonomy":"folder","embeddable":true,"href":"https:\/\/site.educa.madrid.org\/ies.villablanca.madrid\/index.php\/wp-json\/wp\/v2\/folder?post=398"}],"curies":[{"name":"wp","href":"https:\/\/api.w.org\/{rel}","templated":true}]}}