{"id":408,"date":"2020-07-20T07:46:34","date_gmt":"2020-07-20T07:46:34","guid":{"rendered":"https:\/\/site.educa.madrid.org\/ies.villablanca.madrid\/?page_id=408"},"modified":"2025-11-24T09:32:29","modified_gmt":"2025-11-24T08:32:29","slug":"departamento-de-cultura-clasica","status":"publish","type":"page","link":"https:\/\/site.educa.madrid.org\/ies.villablanca.madrid\/index.php\/departamento-de-cultura-clasica\/","title":{"rendered":"Departamento de Cultura Cl\u00e1sica"},"content":{"rendered":"\n<div data-wp-interactive=\"core\/file\" class=\"wp-block-file\"><object data-wp-bind--hidden=\"!state.hasPdfPreview\" hidden class=\"wp-block-file__embed\" data=\"https:\/\/site.educa.madrid.org\/ies.villablanca.madrid\/\/wp-content\/uploads\/ies.villablanca.madrid\/2025\/11\/Progr-Dpto-Clasicas-25-26.pdf\" type=\"application\/pdf\" style=\"width:100%;height:600px\" aria-label=\"Incrustado de Progr-Dpto-Cl\u00e1sicas 25-26.\"><\/object><a id=\"wp-block-file--media-63c30e37-982b-4c85-8faa-8d7dbb5c8467\" href=\"https:\/\/site.educa.madrid.org\/ies.villablanca.madrid\/\/wp-content\/uploads\/ies.villablanca.madrid\/2025\/11\/Progr-Dpto-Clasicas-25-26.pdf\">Progr-Dpto-Cl\u00e1sicas 25-26<\/a><a href=\"https:\/\/site.educa.madrid.org\/ies.villablanca.madrid\/\/wp-content\/uploads\/ies.villablanca.madrid\/2025\/11\/Progr-Dpto-Clasicas-25-26.pdf\" class=\"wp-block-file__button wp-element-button\" download aria-describedby=\"wp-block-file--media-63c30e37-982b-4c85-8faa-8d7dbb5c8467\">Descarga<\/a><\/div>\n\n\n\n<p><strong>\u00abSi no salvamos los cl\u00e1sicos y la escuela, la escuela y los cl\u00e1sicos no podr\u00e1n salvarnos<\/strong>\u00ab<\/p>\n\n\n\n<p>                                                                                                           Nuccio Ordine<\/p>\n\n\n\n<p><\/p>\n\n\n\n<p><\/p>\n","protected":false},"excerpt":{"rendered":"<p>\u00abSi no salvamos los cl\u00e1sicos y la escuela, la escuela y los cl\u00e1sicos no podr\u00e1n salvarnos\u00ab Nuccio Ordine<\/p>\n","protected":false},"author":14,"featured_media":0,"parent":0,"menu_order":0,"comment_status":"closed","ping_status":"closed","template":"","meta":{"footnotes":""},"folder":[],"class_list":["post-408","page","type-page","status-publish","hentry"],"rttpg_featured_image_url":null,"rttpg_author":{"display_name":"Departamento Cultura Cl\u00e1sica IES Villablanca","author_link":"https:\/\/site.educa.madrid.org\/ies.villablanca.madrid\/index.php\/author\/cuenta_depculturaclasica-ies-villablanca-madrid\/"},"rttpg_comment":0,"rttpg_category":false,"rttpg_excerpt":"\u00abSi no salvamos los cl\u00e1sicos y la escuela, la escuela y los cl\u00e1sicos no podr\u00e1n salvarnos\u00ab Nuccio Ordine","post_mailing_queue_ids":[],"_links":{"self":[{"href":"https:\/\/site.educa.madrid.org\/ies.villablanca.madrid\/index.php\/wp-json\/wp\/v2\/pages\/408","targetHints":{"allow":["GET"]}}],"collection":[{"href":"https:\/\/site.educa.madrid.org\/ies.villablanca.madrid\/index.php\/wp-json\/wp\/v2\/pages"}],"about":[{"href":"https:\/\/site.educa.madrid.org\/ies.villablanca.madrid\/index.php\/wp-json\/wp\/v2\/types\/page"}],"author":[{"embeddable":true,"href":"https:\/\/site.educa.madrid.org\/ies.villablanca.madrid\/index.php\/wp-json\/wp\/v2\/users\/14"}],"replies":[{"embeddable":true,"href":"https:\/\/site.educa.madrid.org\/ies.villablanca.madrid\/index.php\/wp-json\/wp\/v2\/comments?post=408"}],"version-history":[{"count":11,"href":"https:\/\/site.educa.madrid.org\/ies.villablanca.madrid\/index.php\/wp-json\/wp\/v2\/pages\/408\/revisions"}],"predecessor-version":[{"id":10253,"href":"https:\/\/site.educa.madrid.org\/ies.villablanca.madrid\/index.php\/wp-json\/wp\/v2\/pages\/408\/revisions\/10253"}],"wp:attachment":[{"href":"https:\/\/site.educa.madrid.org\/ies.villablanca.madrid\/index.php\/wp-json\/wp\/v2\/media?parent=408"}],"wp:term":[{"taxonomy":"folder","embeddable":true,"href":"https:\/\/site.educa.madrid.org\/ies.villablanca.madrid\/index.php\/wp-json\/wp\/v2\/folder?post=408"}],"curies":[{"name":"wp","href":"https:\/\/api.w.org\/{rel}","templated":true}]}}