{"id":4298,"date":"2022-05-10T09:37:18","date_gmt":"2022-05-10T07:37:18","guid":{"rendered":"https:\/\/site.educa.madrid.org\/ies.villablanca.madrid\/?page_id=4298"},"modified":"2024-10-26T21:17:29","modified_gmt":"2024-10-26T19:17:29","slug":"proyectos-del-departamento","status":"publish","type":"page","link":"https:\/\/site.educa.madrid.org\/ies.villablanca.madrid\/index.php\/proyectos-del-departamento\/","title":{"rendered":"Proyectos del Departamento"},"content":{"rendered":"\n<p class=\"has-medium-font-size\"><\/p>\n\n\n\n<ul style=\"color:#0371d9\" class=\"has-text-color wp-block-list\">\n<li class=\"has-medium-font-size\"><strong>Carnet de Calculista.<\/strong><\/li>\n<\/ul>\n\n\n\n<p>Es un proyecto que va dirigido a los alumnos de 1\u00ba a 3\u00ba de ESO, con el que se est\u00e1 intentando adquirir soltura en c\u00e1lculo mental y manual as\u00ed como mejorar la atenci\u00f3n y la concentraci\u00f3n.<\/p>\n\n\n\n<p>Se est\u00e1 trabajando de la siguiente manera:<\/p>\n\n\n\n<p>A diario, al inicio de las clases, se proponen una serie de actividades de c\u00e1lculo manual.<\/p>\n\n\n\n<p>Semanalmente, se realizan cuestionarios a trav\u00e9s de las aulas virtuales de cada grupo.<\/p>\n\n\n\n<p>Mensualmente una prueba escrita en el aula de 5 o 10 minutos con ejercicios del mismo tipo que los trabajados diariamente.<\/p>\n\n\n\n<ul style=\"color:#0371d9\" class=\"has-text-color wp-block-list\">\n<li class=\"has-medium-font-size\"><strong>Acertijos Matem\u00e1ticos.<\/strong><\/li>\n<\/ul>\n\n\n\n<p>A lo largo de este curso, desde el Departamento de Matem\u00e1ticas, se os ir\u00e1n proponiendo diferentes acertijos, problemas, pasatiempos, etc. de tipo matem\u00e1tico o l\u00f3gico, que pondr\u00e1n a prueba el ingenio de cualquier alumno del centro.<\/p>\n\n\n\n<p>Si quieres participar, pincha<a href=\"https:\/\/site.educa.madrid.org\/ies.villablanca.madrid\/index.php\/acertijos-matematicos\/\"> aqu\u00ed.<\/a><\/p>\n\n\n\n<ul style=\"color:#0371d9\" class=\"has-text-color wp-block-list\">\n<li class=\"has-medium-font-size\"><strong>Concurso de Primavera.<\/strong><\/li>\n<\/ul>\n\n\n\n<p>El <strong>Concurso Primavera<\/strong> es un concurso que convoca la Facultad de Matem\u00e1ticas de la Universidad Complutense de Madrid, con el objetivo de ofrecer el marco para que los estudiantes disfruten resolviendo problemas de matem\u00e1ticas.<\/p>\n\n\n\n<p>El concurso est\u00e1 abierto a todos los alumnos de la Comunidad de Madrid de colegios p\u00fablicos, concertados, privados e institutos. Pueden participar estudiantes que cursen desde 5\u00ba de Primaria hasta 2\u00ba de Bachillerato.<\/p>\n\n\n\n<p>El concurso consta de dos fases:<\/p>\n\n\n\n<p>             &#8211; La 1\u00aa fase del concurso se realiza en el centro y sirve para seleccionar a los alumnos que acudir\u00e1n a la 2\u00aa fase. Se realizar\u00e1 aproximadamente en el mes de febrero.<\/p>\n\n\n\n<p>             &#8211; La 2\u00aa fase del concurso se realiza en la Facultad de Ciencias Matem\u00e1ticas de la Universidad Complutense de Madrid, y suele ser el segundo s\u00e1bado del mes de abril.<\/p>\n\n\n\n<p>Las pruebas, en las dos fases, consisten en resolver 25 problemas de dificultad variable en 90 minutos como m\u00e1ximo. En cada problema se ofrecen cinco posibles respuestas de las cuales s\u00f3lo una es la correcta.<\/p>\n\n\n\n<p><strong>Durante este curso escolar 2024 &#8211; 2025<\/strong>, para todos los alumnos que quieran participar en el concurso, se ha abierto un aula virtual (Concurso de Primavera 2425) en la que, peri\u00f3dicamente, se propondr\u00e1n problemas de ediciones anteriores para resolver y entregar.\u00a0<\/p>\n\n\n\n<p>La tarea entregada ser\u00e1 supervisada por el coordinador del proyecto quien, peri\u00f3dicamente, programar\u00e1 sesiones presenciales con el alumnado interesado en la preparaci\u00f3n de esta prueba, en la que se resolver\u00e1n dudas y\/o se realizar\u00e1n m\u00e1s problemas.<\/p>\n\n\n\n<p>Solo el alumnado que presente tareas por el aula virtual y\/o asista a las sesiones presenciales de preparaci\u00f3n de la prueba, podr\u00e1 participar en la primera fase del concurso que tendr\u00e1 lugar en el centro, en el mes de febrero.<\/p>\n\n\n\n<ul style=\"color:#0371d9\" class=\"has-text-color wp-block-list\">\n<li class=\"has-medium-font-size\"><strong>Aplicaci\u00f3n de las TICs al aprendizaje de las Matem\u00e1ticas.<\/strong><\/li>\n<\/ul>\n\n\n\n<p class=\"has-text-align-left\">El Departamento de Matem\u00e1ticas consciente de la importancia que tiene la utilizaci\u00f3n de las TICs  como elemento de motivaci\u00f3n en el aprendizaje de las Matem\u00e1ticas ha realizado  dos escape room. El primero est\u00e1 relacionado con el n\u00famero Phi y el segundo con una visita al CERN, los puedes encontrar en el siguiente link:<\/p>\n\n\n\n<p><a href=\"https:\/\/mediateca.educa.madrid.org\/documentos\/ec8le5yy5bc7idhf\">https:\/\/mediateca.educa.madrid.org\/documentos\/ec8le5yy5bc7idhf<\/a><\/p>\n\n\n\n<p>Si quieres  que bajarte directamente el archivo e importarlo en un aula virtual que hayas creado para poder visualizar todo el contenido, lo puedes encontrar en el link:<\/p>\n\n\n\n<p class=\"has-bright-blue-color has-text-color\">\u00e7<a href=\"https:\/\/aulavirtual3.educa.madrid.org\/ies.villablanca.madrid\/course\/view.php?id=2674\">https:\/\/aulavirtual3.educa.madrid.org\/ies.villablanca.madrid\/course\/view.php?id=2674<\/a><\/p>\n","protected":false},"excerpt":{"rendered":"<p>Es un proyecto que va dirigido a los alumnos de 1\u00ba a 3\u00ba de ESO, con el que se est\u00e1 intentando adquirir soltura en c\u00e1lculo mental y manual as\u00ed como &#8230;<\/p>\n","protected":false},"author":25,"featured_media":0,"parent":0,"menu_order":0,"comment_status":"closed","ping_status":"closed","template":"","meta":{"footnotes":""},"folder":[],"class_list":["post-4298","page","type-page","status-publish","hentry"],"rttpg_featured_image_url":null,"rttpg_author":{"display_name":"Departamento Matem\u00e1ticas IES Villablanca","author_link":"https:\/\/site.educa.madrid.org\/ies.villablanca.madrid\/index.php\/author\/cuenta_depmatematicas-ies-villablanca-madrid\/"},"rttpg_comment":0,"rttpg_category":false,"rttpg_excerpt":"Es un proyecto que va dirigido a los alumnos de 1\u00ba a 3\u00ba de ESO, con el que se est\u00e1 intentando adquirir soltura en c\u00e1lculo mental y manual as\u00ed como ...","post_mailing_queue_ids":[],"_links":{"self":[{"href":"https:\/\/site.educa.madrid.org\/ies.villablanca.madrid\/index.php\/wp-json\/wp\/v2\/pages\/4298","targetHints":{"allow":["GET"]}}],"collection":[{"href":"https:\/\/site.educa.madrid.org\/ies.villablanca.madrid\/index.php\/wp-json\/wp\/v2\/pages"}],"about":[{"href":"https:\/\/site.educa.madrid.org\/ies.villablanca.madrid\/index.php\/wp-json\/wp\/v2\/types\/page"}],"author":[{"embeddable":true,"href":"https:\/\/site.educa.madrid.org\/ies.villablanca.madrid\/index.php\/wp-json\/wp\/v2\/users\/25"}],"replies":[{"embeddable":true,"href":"https:\/\/site.educa.madrid.org\/ies.villablanca.madrid\/index.php\/wp-json\/wp\/v2\/comments?post=4298"}],"version-history":[{"count":14,"href":"https:\/\/site.educa.madrid.org\/ies.villablanca.madrid\/index.php\/wp-json\/wp\/v2\/pages\/4298\/revisions"}],"predecessor-version":[{"id":8706,"href":"https:\/\/site.educa.madrid.org\/ies.villablanca.madrid\/index.php\/wp-json\/wp\/v2\/pages\/4298\/revisions\/8706"}],"wp:attachment":[{"href":"https:\/\/site.educa.madrid.org\/ies.villablanca.madrid\/index.php\/wp-json\/wp\/v2\/media?parent=4298"}],"wp:term":[{"taxonomy":"folder","embeddable":true,"href":"https:\/\/site.educa.madrid.org\/ies.villablanca.madrid\/index.php\/wp-json\/wp\/v2\/folder?post=4298"}],"curies":[{"name":"wp","href":"https:\/\/api.w.org\/{rel}","templated":true}]}}