{"id":4306,"date":"2022-05-10T09:36:04","date_gmt":"2022-05-10T07:36:04","guid":{"rendered":"https:\/\/site.educa.madrid.org\/ies.villablanca.madrid\/?page_id=4306"},"modified":"2026-05-04T16:28:05","modified_gmt":"2026-05-04T14:28:05","slug":"asignaturas-pendientes-de-cursos-anteriores","status":"publish","type":"page","link":"https:\/\/site.educa.madrid.org\/ies.villablanca.madrid\/index.php\/asignaturas-pendientes-de-cursos-anteriores\/","title":{"rendered":"Asignaturas pendientes de cursos anteriores"},"content":{"rendered":"\n<p><a href=\"https:\/\/site.educa.madrid.org\/ies.villablanca.madrid\/\/wp-content\/uploads\/ies.villablanca.madrid\/2025\/09\/informacion-general-recuperacion-asignatuas-pendientes-25_26.pdf\" data-type=\"link\" data-id=\"https:\/\/site.educa.madrid.org\/ies.villablanca.madrid\/\/wp-content\/uploads\/ies.villablanca.madrid\/2025\/09\/informacion-general-recuperacion-asignatuas-pendientes-25_26.pdf\">Procedimiento de recuperaci\u00f3n de matem\u00e1ticas pendientes<\/a><\/p>\n\n\n\n<p><a href=\"https:\/\/site.educa.madrid.org\/ies.villablanca.madrid\/\/wp-content\/uploads\/ies.villablanca.madrid\/2025\/09\/Hoja-informativa-alumnos-de-2o-ESO-con-Matematicas-1o-ESO-pendientes-25_26.pdf\" data-type=\"link\" data-id=\"https:\/\/site.educa.madrid.org\/ies.villablanca.madrid\/\/wp-content\/uploads\/ies.villablanca.madrid\/2025\/09\/Hoja-informativa-alumnos-de-2o-ESO-con-Matematicas-1o-ESO-pendientes-25_26.pdf\">Matem\u00e1ticas 1\u00ba ESO \u2013 pendientes<\/a><\/p>\n\n\n\n<p><a href=\"https:\/\/site.educa.madrid.org\/ies.villablanca.madrid\/\/wp-content\/uploads\/ies.villablanca.madrid\/2026\/04\/Hoja-informativa-alumnos-de-3o-ESO-con-Matematicas-2o-ESO-pendientes_25_26-new.pdf\" data-type=\"link\" data-id=\"https:\/\/site.educa.madrid.org\/ies.villablanca.madrid\/\/wp-content\/uploads\/ies.villablanca.madrid\/2026\/04\/Hoja-informativa-alumnos-de-3o-ESO-con-Matematicas-2o-ESO-pendientes_25_26-new.pdf\">Matem\u00e1ticas 2\u00ba ESO \u2013 pendientes<\/a><\/p>\n\n\n\n<p><a href=\"https:\/\/site.educa.madrid.org\/ies.villablanca.madrid\/\/wp-content\/uploads\/ies.villablanca.madrid\/2025\/09\/Hoja-informativa-alumnos-de-4o-ESO-con-Matematicas-3o-ESO-pendientes-25_26.pdf\" data-type=\"link\" data-id=\"https:\/\/site.educa.madrid.org\/ies.villablanca.madrid\/\/wp-content\/uploads\/ies.villablanca.madrid\/2025\/09\/Hoja-informativa-alumnos-de-4o-ESO-con-Matematicas-3o-ESO-pendientes-25_26.pdf\">Matem\u00e1ticas 3\u00ba ESO \u2013 pendientes<\/a><\/p>\n\n\n\n<p><a href=\"https:\/\/site.educa.madrid.org\/ies.villablanca.madrid\/\/wp-content\/uploads\/ies.villablanca.madrid\/2026\/05\/Hoja-informativa-alumnos-de-2o-BACH-con-Matematicas-I-pendientes-25_26.pdf\" data-type=\"link\" data-id=\"https:\/\/site.educa.madrid.org\/ies.villablanca.madrid\/\/wp-content\/uploads\/ies.villablanca.madrid\/2026\/05\/Hoja-informativa-alumnos-de-2o-BACH-con-Matematicas-I-pendientes-25_26.pdf\">Matem\u00e1ticas I \u2013 1\u00ba Bachillerato Ciencias \u2013 pendientes<\/a><\/p>\n\n\n\n<p><a href=\"https:\/\/site.educa.madrid.org\/ies.villablanca.madrid\/\/wp-content\/uploads\/ies.villablanca.madrid\/2026\/05\/Hoja-informativa-alumnos-de-2o-BACH-con-Matematicas-aplicadas-a-las-CC-SS-I-pendientes_25_26.pdf\" data-type=\"link\" data-id=\"https:\/\/site.educa.madrid.org\/ies.villablanca.madrid\/\/wp-content\/uploads\/ies.villablanca.madrid\/2026\/05\/Hoja-informativa-alumnos-de-2o-BACH-con-Matematicas-aplicadas-a-las-CC-SS-I-pendientes_25_26.pdf\">Matem\u00e1ticas CCSS I \u2013 1\u00ba Bachillerato Ciencias Sociales \u2013 pendientes<\/a><\/p>\n","protected":false},"excerpt":{"rendered":"<p>Procedimiento de recuperaci\u00f3n de matem\u00e1ticas pendientes Matem\u00e1ticas 1\u00ba ESO \u2013 pendientes Matem\u00e1ticas 2\u00ba ESO \u2013 pendientes Matem\u00e1ticas 3\u00ba ESO \u2013 pendientes Matem\u00e1ticas I \u2013 1\u00ba Bachillerato Ciencias \u2013 pendientes Matem\u00e1ticas &#8230;<\/p>\n","protected":false},"author":25,"featured_media":0,"parent":0,"menu_order":0,"comment_status":"closed","ping_status":"closed","template":"","meta":{"footnotes":""},"folder":[],"class_list":["post-4306","page","type-page","status-publish","hentry"],"rttpg_featured_image_url":null,"rttpg_author":{"display_name":"Departamento Matem\u00e1ticas IES Villablanca","author_link":"https:\/\/site.educa.madrid.org\/ies.villablanca.madrid\/index.php\/author\/cuenta_depmatematicas-ies-villablanca-madrid\/"},"rttpg_comment":0,"rttpg_category":false,"rttpg_excerpt":"Procedimiento de recuperaci\u00f3n de matem\u00e1ticas pendientes Matem\u00e1ticas 1\u00ba ESO \u2013 pendientes Matem\u00e1ticas 2\u00ba ESO \u2013 pendientes Matem\u00e1ticas 3\u00ba ESO \u2013 pendientes Matem\u00e1ticas I \u2013 1\u00ba Bachillerato Ciencias \u2013 pendientes Matem\u00e1ticas ...","post_mailing_queue_ids":[],"_links":{"self":[{"href":"https:\/\/site.educa.madrid.org\/ies.villablanca.madrid\/index.php\/wp-json\/wp\/v2\/pages\/4306","targetHints":{"allow":["GET"]}}],"collection":[{"href":"https:\/\/site.educa.madrid.org\/ies.villablanca.madrid\/index.php\/wp-json\/wp\/v2\/pages"}],"about":[{"href":"https:\/\/site.educa.madrid.org\/ies.villablanca.madrid\/index.php\/wp-json\/wp\/v2\/types\/page"}],"author":[{"embeddable":true,"href":"https:\/\/site.educa.madrid.org\/ies.villablanca.madrid\/index.php\/wp-json\/wp\/v2\/users\/25"}],"replies":[{"embeddable":true,"href":"https:\/\/site.educa.madrid.org\/ies.villablanca.madrid\/index.php\/wp-json\/wp\/v2\/comments?post=4306"}],"version-history":[{"count":50,"href":"https:\/\/site.educa.madrid.org\/ies.villablanca.madrid\/index.php\/wp-json\/wp\/v2\/pages\/4306\/revisions"}],"predecessor-version":[{"id":10927,"href":"https:\/\/site.educa.madrid.org\/ies.villablanca.madrid\/index.php\/wp-json\/wp\/v2\/pages\/4306\/revisions\/10927"}],"wp:attachment":[{"href":"https:\/\/site.educa.madrid.org\/ies.villablanca.madrid\/index.php\/wp-json\/wp\/v2\/media?parent=4306"}],"wp:term":[{"taxonomy":"folder","embeddable":true,"href":"https:\/\/site.educa.madrid.org\/ies.villablanca.madrid\/index.php\/wp-json\/wp\/v2\/folder?post=4306"}],"curies":[{"name":"wp","href":"https:\/\/api.w.org\/{rel}","templated":true}]}}