{"id":4359,"date":"2022-06-23T19:50:11","date_gmt":"2022-06-23T17:50:11","guid":{"rendered":"https:\/\/site.educa.madrid.org\/ies.villablanca.madrid\/?page_id=4359"},"modified":"2026-04-28T11:39:06","modified_gmt":"2026-04-28T09:39:06","slug":"noticias-de-matematicas","status":"publish","type":"page","link":"https:\/\/site.educa.madrid.org\/ies.villablanca.madrid\/index.php\/noticias-de-matematicas\/","title":{"rendered":"Noticias de matem\u00e1ticas"},"content":{"rendered":"\n<p><a rel=\"noreferrer noopener\" href=\"https:\/\/elpais.com\/ciencia\/cafe-y-teoremas\/\" target=\"_blank\">Caf\u00e9 y Teoremas (El Pa\u00eds)<\/a><\/p>\n\n\n\n<p class=\"has-large-font-size\"><strong>Nuestro d\u00eda a d\u00eda:<\/strong><\/p>\n\n\n\n<p>\u00b7 <strong>18 \/ 4\/ 2025  XXIX CONCURSO DE PRIMAVERA DE  MATEM\u00c1TICAS <\/strong><\/p>\n\n\n\n<p>   Un a\u00f1o m\u00e1s, y ya son muchos, estuvimos en el Concurso de Primavera de Matem\u00e1ticas. Una gran experiencia para los    alumnos, que conocieron el entorno universitario y lucharon hasta el final. Enhorabuena !!!!<\/p>\n\n\n\n<figure class=\"wp-block-image size-large is-resized\"><img loading=\"lazy\" decoding=\"async\" width=\"1024\" height=\"768\" src=\"https:\/\/site.educa.madrid.org\/ies.villablanca.madrid\/\/wp-content\/uploads\/ies.villablanca.madrid\/2026\/04\/PHOTO-2026-04-20-09-17-53-1024x768.jpg\" alt=\"\" class=\"wp-image-10868\" style=\"width:388px;height:auto\" srcset=\"https:\/\/site.educa.madrid.org\/ies.villablanca.madrid\/\/wp-content\/uploads\/ies.villablanca.madrid\/2026\/04\/PHOTO-2026-04-20-09-17-53-1024x768.jpg 1024w, https:\/\/site.educa.madrid.org\/ies.villablanca.madrid\/\/wp-content\/uploads\/ies.villablanca.madrid\/2026\/04\/PHOTO-2026-04-20-09-17-53-300x225.jpg 300w, https:\/\/site.educa.madrid.org\/ies.villablanca.madrid\/\/wp-content\/uploads\/ies.villablanca.madrid\/2026\/04\/PHOTO-2026-04-20-09-17-53-768x576.jpg 768w, https:\/\/site.educa.madrid.org\/ies.villablanca.madrid\/\/wp-content\/uploads\/ies.villablanca.madrid\/2026\/04\/PHOTO-2026-04-20-09-17-53-1536x1152.jpg 1536w, https:\/\/site.educa.madrid.org\/ies.villablanca.madrid\/\/wp-content\/uploads\/ies.villablanca.madrid\/2026\/04\/PHOTO-2026-04-20-09-17-53.jpg 2048w\" sizes=\"auto, (max-width: 1024px) 100vw, 1024px\" \/><\/figure>\n\n\n\n<p><\/p>\n\n\n\n<figure class=\"wp-block-image size-large is-resized\"><img loading=\"lazy\" decoding=\"async\" width=\"1024\" height=\"768\" src=\"https:\/\/site.educa.madrid.org\/ies.villablanca.madrid\/\/wp-content\/uploads\/ies.villablanca.madrid\/2026\/04\/unnamed-1024x768.jpg\" alt=\"\" class=\"wp-image-10871\" style=\"width:392px;height:auto\" srcset=\"https:\/\/site.educa.madrid.org\/ies.villablanca.madrid\/\/wp-content\/uploads\/ies.villablanca.madrid\/2026\/04\/unnamed-1024x768.jpg 1024w, https:\/\/site.educa.madrid.org\/ies.villablanca.madrid\/\/wp-content\/uploads\/ies.villablanca.madrid\/2026\/04\/unnamed-300x225.jpg 300w, https:\/\/site.educa.madrid.org\/ies.villablanca.madrid\/\/wp-content\/uploads\/ies.villablanca.madrid\/2026\/04\/unnamed-768x576.jpg 768w, https:\/\/site.educa.madrid.org\/ies.villablanca.madrid\/\/wp-content\/uploads\/ies.villablanca.madrid\/2026\/04\/unnamed-1536x1152.jpg 1536w, https:\/\/site.educa.madrid.org\/ies.villablanca.madrid\/\/wp-content\/uploads\/ies.villablanca.madrid\/2026\/04\/unnamed.jpg 2048w\" sizes=\"auto, (max-width: 1024px) 100vw, 1024px\" \/><\/figure>\n\n\n\n<p>\u00b7 <strong>14 \/ 3 \/ 2026 CELEBRAMOS EL D\u00cdA DEL N\u00daERMO PI.<\/strong><\/p>\n\n\n\n<p>Para celebrarlo el Departamento de Matem\u00e1ticas del Instituto propuso que todos los grupos de 1\u00ba hasta 4 \u00ba de la ESO hicieran una cadeneta, de tal forma que cada alumno hac\u00eda tres d\u00edgitos del n\u00famero pi. Si quieres ver el resultado pincha aqu\u00ed.<\/p>\n\n\n\n<p>Tambi\u00e9n, para darle m\u00e1s visibilidad a este d\u00eda,  los profesores de Matem\u00e1ticas y algunos de otros departamentos fuimos vestidos con una camiseta del n\u00famero pi.<\/p>\n\n\n\n<p>\u00b7 <strong>28 \/ 2 \/ 2025 XXXIV OLIMPIADA MATEM\u00c1TICA JUNIOR<\/strong><\/p>\n\n\n\n<p>Nuestros alumnos estuvieron en la segunda fase de la olimpiada Matem\u00e1tica Junior. Se clasificaron para la segunda fase entre miles de participantes.  Enhorabuena !!!!<\/p>\n\n\n\n<figure class=\"wp-block-image size-large is-resized\"><img loading=\"lazy\" decoding=\"async\" width=\"1024\" height=\"771\" src=\"https:\/\/site.educa.madrid.org\/ies.villablanca.madrid\/\/wp-content\/uploads\/ies.villablanca.madrid\/2026\/04\/PHOTO-2026-02-28-12-13-05-1024x771.jpg\" alt=\"\" class=\"wp-image-10870\" style=\"aspect-ratio:1.3281616720606764;width:397px;height:auto\" srcset=\"https:\/\/site.educa.madrid.org\/ies.villablanca.madrid\/\/wp-content\/uploads\/ies.villablanca.madrid\/2026\/04\/PHOTO-2026-02-28-12-13-05-1024x771.jpg 1024w, https:\/\/site.educa.madrid.org\/ies.villablanca.madrid\/\/wp-content\/uploads\/ies.villablanca.madrid\/2026\/04\/PHOTO-2026-02-28-12-13-05-300x226.jpg 300w, https:\/\/site.educa.madrid.org\/ies.villablanca.madrid\/\/wp-content\/uploads\/ies.villablanca.madrid\/2026\/04\/PHOTO-2026-02-28-12-13-05-768x578.jpg 768w, https:\/\/site.educa.madrid.org\/ies.villablanca.madrid\/\/wp-content\/uploads\/ies.villablanca.madrid\/2026\/04\/PHOTO-2026-02-28-12-13-05-1536x1157.jpg 1536w, https:\/\/site.educa.madrid.org\/ies.villablanca.madrid\/\/wp-content\/uploads\/ies.villablanca.madrid\/2026\/04\/PHOTO-2026-02-28-12-13-05.jpg 2040w\" sizes=\"auto, (max-width: 1024px) 100vw, 1024px\" \/><\/figure>\n\n\n\n<p><\/p>\n\n\n\n<figure class=\"wp-block-image size-large is-resized\"><img loading=\"lazy\" decoding=\"async\" width=\"1024\" height=\"576\" src=\"https:\/\/site.educa.madrid.org\/ies.villablanca.madrid\/\/wp-content\/uploads\/ies.villablanca.madrid\/2026\/04\/PHOTO-2026-02-28-11-30-02-1024x576.jpg\" alt=\"\" class=\"wp-image-10869\" style=\"width:406px;height:auto\" srcset=\"https:\/\/site.educa.madrid.org\/ies.villablanca.madrid\/\/wp-content\/uploads\/ies.villablanca.madrid\/2026\/04\/PHOTO-2026-02-28-11-30-02-1024x576.jpg 1024w, https:\/\/site.educa.madrid.org\/ies.villablanca.madrid\/\/wp-content\/uploads\/ies.villablanca.madrid\/2026\/04\/PHOTO-2026-02-28-11-30-02-300x169.jpg 300w, https:\/\/site.educa.madrid.org\/ies.villablanca.madrid\/\/wp-content\/uploads\/ies.villablanca.madrid\/2026\/04\/PHOTO-2026-02-28-11-30-02-768x432.jpg 768w, https:\/\/site.educa.madrid.org\/ies.villablanca.madrid\/\/wp-content\/uploads\/ies.villablanca.madrid\/2026\/04\/PHOTO-2026-02-28-11-30-02-1536x864.jpg 1536w, https:\/\/site.educa.madrid.org\/ies.villablanca.madrid\/\/wp-content\/uploads\/ies.villablanca.madrid\/2026\/04\/PHOTO-2026-02-28-11-30-02.jpg 2048w\" sizes=\"auto, (max-width: 1024px) 100vw, 1024px\" \/><\/figure>\n\n\n\n<p>\u00b7 <strong>14 \/ 3 \/ 2025 CELEBRAMOS EL D\u00cdA DE PI<\/strong><\/p>\n\n\n\n<p>Para celebrarlo el Departamento de Matem\u00e1ticas del Instituto propuso que todos los grupos de 1\u00ba hasta 4 \u00ba de la ESO hicieran un mural del n\u00famero pi con colores. Este fue el resultado.<\/p>\n\n\n\n<div class=\"wp-block-media-text is-stacked-on-mobile\" style=\"grid-template-columns:45% auto\"><figure class=\"wp-block-media-text__media\"><img loading=\"lazy\" decoding=\"async\" width=\"1024\" height=\"686\" src=\"https:\/\/site.educa.madrid.org\/ies.villablanca.madrid\/\/wp-content\/uploads\/ies.villablanca.madrid\/2026\/04\/Mural-de-pi-a-medias-2026-1024x686.jpg\" alt=\"\" class=\"wp-image-10901 size-full\" srcset=\"https:\/\/site.educa.madrid.org\/ies.villablanca.madrid\/\/wp-content\/uploads\/ies.villablanca.madrid\/2026\/04\/Mural-de-pi-a-medias-2026-1024x686.jpg 1024w, https:\/\/site.educa.madrid.org\/ies.villablanca.madrid\/\/wp-content\/uploads\/ies.villablanca.madrid\/2026\/04\/Mural-de-pi-a-medias-2026-300x201.jpg 300w, https:\/\/site.educa.madrid.org\/ies.villablanca.madrid\/\/wp-content\/uploads\/ies.villablanca.madrid\/2026\/04\/Mural-de-pi-a-medias-2026-768x514.jpg 768w, https:\/\/site.educa.madrid.org\/ies.villablanca.madrid\/\/wp-content\/uploads\/ies.villablanca.madrid\/2026\/04\/Mural-de-pi-a-medias-2026-272x182.jpg 272w, https:\/\/site.educa.madrid.org\/ies.villablanca.madrid\/\/wp-content\/uploads\/ies.villablanca.madrid\/2026\/04\/Mural-de-pi-a-medias-2026-360x240.jpg 360w, https:\/\/site.educa.madrid.org\/ies.villablanca.madrid\/\/wp-content\/uploads\/ies.villablanca.madrid\/2026\/04\/Mural-de-pi-a-medias-2026.jpg 1332w\" sizes=\"auto, (max-width: 1024px) 100vw, 1024px\" \/><\/figure><div class=\"wp-block-media-text__content\">\n<p><\/p>\n\n\n\n<figure class=\"wp-block-image size-large is-resized\"><img loading=\"lazy\" decoding=\"async\" width=\"1024\" height=\"667\" src=\"https:\/\/site.educa.madrid.org\/ies.villablanca.madrid\/\/wp-content\/uploads\/ies.villablanca.madrid\/2026\/04\/Ninos-poniendo-el-numero-pi-2026-1024x667.jpg\" alt=\"\" class=\"wp-image-10902\" style=\"aspect-ratio:1.5353233154280275;width:428px;height:auto\" srcset=\"https:\/\/site.educa.madrid.org\/ies.villablanca.madrid\/\/wp-content\/uploads\/ies.villablanca.madrid\/2026\/04\/Ninos-poniendo-el-numero-pi-2026-1024x667.jpg 1024w, https:\/\/site.educa.madrid.org\/ies.villablanca.madrid\/\/wp-content\/uploads\/ies.villablanca.madrid\/2026\/04\/Ninos-poniendo-el-numero-pi-2026-300x195.jpg 300w, https:\/\/site.educa.madrid.org\/ies.villablanca.madrid\/\/wp-content\/uploads\/ies.villablanca.madrid\/2026\/04\/Ninos-poniendo-el-numero-pi-2026-768x500.jpg 768w, https:\/\/site.educa.madrid.org\/ies.villablanca.madrid\/\/wp-content\/uploads\/ies.villablanca.madrid\/2026\/04\/Ninos-poniendo-el-numero-pi-2026.jpg 1415w\" sizes=\"auto, (max-width: 1024px) 100vw, 1024px\" \/><\/figure>\n<\/div><\/div>\n\n\n\n<figure class=\"wp-block-image size-large is-resized\"><img loading=\"lazy\" decoding=\"async\" width=\"1024\" height=\"768\" src=\"https:\/\/site.educa.madrid.org\/ies.villablanca.madrid\/\/wp-content\/uploads\/ies.villablanca.madrid\/2026\/04\/Mural-de-pi-completo-2026-1024x768.jpeg\" alt=\"\" class=\"wp-image-10899\" style=\"width:386px;height:auto\" srcset=\"https:\/\/site.educa.madrid.org\/ies.villablanca.madrid\/\/wp-content\/uploads\/ies.villablanca.madrid\/2026\/04\/Mural-de-pi-completo-2026-1024x768.jpeg 1024w, https:\/\/site.educa.madrid.org\/ies.villablanca.madrid\/\/wp-content\/uploads\/ies.villablanca.madrid\/2026\/04\/Mural-de-pi-completo-2026-300x225.jpeg 300w, https:\/\/site.educa.madrid.org\/ies.villablanca.madrid\/\/wp-content\/uploads\/ies.villablanca.madrid\/2026\/04\/Mural-de-pi-completo-2026-768x576.jpeg 768w, https:\/\/site.educa.madrid.org\/ies.villablanca.madrid\/\/wp-content\/uploads\/ies.villablanca.madrid\/2026\/04\/Mural-de-pi-completo-2026-1536x1152.jpeg 1536w, https:\/\/site.educa.madrid.org\/ies.villablanca.madrid\/\/wp-content\/uploads\/ies.villablanca.madrid\/2026\/04\/Mural-de-pi-completo-2026-2048x1536.jpeg 2048w\" sizes=\"auto, (max-width: 1024px) 100vw, 1024px\" \/><\/figure>\n\n\n\n<p>Tambi\u00e9n, para darle m\u00e1s visibilidad a este d\u00eda, los profesores de Matem\u00e1ticas y algunos de otros departamentos fuimos vestidos con una <a href=\"https:\/\/site.educa.madrid.org\/ies.villablanca.madrid\/\/wp-content\/uploads\/ies.villablanca.madrid\/2026\/04\/Camiseta-de-los-profes-con-el-numero-Pi-2026.jpeg\">camiseta del n\u00famero pi.<\/a><\/p>\n\n\n\n<p class=\"has-medium-font-size\">\u00b7 14 \/ 3 \/ 2024 <strong>CELEBRAMOS EL D\u00cdA DE PI<\/strong><\/p>\n\n\n\n<p>El f\u00edsico estadounidense Larry Shawn decidi\u00f3 en 1988 conmemorar el d\u00eda de &nbsp;Pi, 3,1415\u2026. al coincidir las tres primeras cifras &nbsp;con&nbsp;la fecha en formato americano 3\/14. A partir de entonces todos los 14 de Marzo se celebra el d\u00eda de Pi.<\/p>\n\n\n<div class=\"wp-block-image\">\n<figure class=\"aligncenter size-large is-resized\"><img loading=\"lazy\" decoding=\"async\" width=\"1024\" height=\"768\" src=\"https:\/\/site.educa.madrid.org\/ies.villablanca.madrid\/\/wp-content\/uploads\/ies.villablanca.madrid\/2024\/04\/segunda-foto-Pi-1024x768.jpg\" alt=\"\" class=\"wp-image-7906\" style=\"width:512px;height:384px\" srcset=\"https:\/\/site.educa.madrid.org\/ies.villablanca.madrid\/\/wp-content\/uploads\/ies.villablanca.madrid\/2024\/04\/segunda-foto-Pi-1024x768.jpg 1024w, https:\/\/site.educa.madrid.org\/ies.villablanca.madrid\/\/wp-content\/uploads\/ies.villablanca.madrid\/2024\/04\/segunda-foto-Pi-300x225.jpg 300w, https:\/\/site.educa.madrid.org\/ies.villablanca.madrid\/\/wp-content\/uploads\/ies.villablanca.madrid\/2024\/04\/segunda-foto-Pi-768x576.jpg 768w, https:\/\/site.educa.madrid.org\/ies.villablanca.madrid\/\/wp-content\/uploads\/ies.villablanca.madrid\/2024\/04\/segunda-foto-Pi-1536x1152.jpg 1536w, https:\/\/site.educa.madrid.org\/ies.villablanca.madrid\/\/wp-content\/uploads\/ies.villablanca.madrid\/2024\/04\/segunda-foto-Pi-2048x1536.jpg 2048w, https:\/\/site.educa.madrid.org\/ies.villablanca.madrid\/\/wp-content\/uploads\/ies.villablanca.madrid\/2024\/04\/segunda-foto-Pi-1200x900.jpg 1200w\" sizes=\"auto, (max-width: 1024px) 100vw, 1024px\" \/><\/figure>\n<\/div>\n\n\n<p>Para celebrarlo  el Departamento de Matem\u00e1ticas del Instituto propuso que todos los grupos de 1\u00ba y 2\u00ba de la ESO hicieran un d\u00edgito del n\u00famero Pi, de esta forma obtuvimos los primeros 16 n\u00fameros de Pi.<\/p>\n\n\n\n<p>Si quieres ver como qued\u00f3 nuestro n\u00famero pi pincha <a rel=\"noreferrer noopener\" href=\"https:\/\/site.educa.madrid.org\/ies.villablanca.madrid\/\/wp-content\/uploads\/ies.villablanca.madrid\/2024\/04\/Video-de-Pi_2024.mp4\" data-type=\"URL\" data-id=\"https:\/\/site.educa.madrid.org\/ies.villablanca.madrid\/\/wp-content\/uploads\/ies.villablanca.madrid\/2024\/04\/Video-de-Pi_2024.mp4\" target=\"_blank\">aqu\u00ed.<\/a><\/p>\n\n\n\n<p>Tambi\u00e9n para darle m\u00e1s relevancia los profesores de Matem\u00e1ticas y algunos de otros departamentos fuimos vestidos con una <a rel=\"noreferrer noopener\" href=\"https:\/\/site.educa.madrid.org\/ies.villablanca.madrid\/\/wp-content\/uploads\/ies.villablanca.madrid\/2024\/04\/foto-camisetas-pi-2024.jpg\" data-type=\"URL\" data-id=\"https:\/\/site.educa.madrid.org\/ies.villablanca.madrid\/\/wp-content\/uploads\/ies.villablanca.madrid\/2024\/04\/foto-camisetas-pi-2024.jpg\" target=\"_blank\">camiseta del n\u00famero pi<\/a>.<\/p>\n\n\n\n<p>Si quieres saber algo m\u00e1s del n\u00famero Pi, te dejamos <a rel=\"noreferrer noopener\" href=\"https:\/\/www.youtube.com\/watch?v=Jajdccy7tWc\" data-type=\"URL\" data-id=\"https:\/\/www.youtube.com\/watch?v=Jajdccy7tWc\" target=\"_blank\">este v\u00eddeo<\/a> con el que aprender\u00e1s muchas cosas.<\/p>\n","protected":false},"excerpt":{"rendered":"<p>Caf\u00e9 y Teoremas (El Pa\u00eds) Nuestro d\u00eda a d\u00eda: \u00b7 18 \/ 4\/ 2025 XXIX CONCURSO DE PRIMAVERA DE MATEM\u00c1TICAS Un a\u00f1o m\u00e1s, y ya son muchos, estuvimos en el &#8230;<\/p>\n","protected":false},"author":25,"featured_media":0,"parent":0,"menu_order":0,"comment_status":"closed","ping_status":"closed","template":"","meta":{"footnotes":""},"folder":[],"class_list":["post-4359","page","type-page","status-publish","hentry"],"rttpg_featured_image_url":null,"rttpg_author":{"display_name":"Departamento Matem\u00e1ticas IES Villablanca","author_link":"https:\/\/site.educa.madrid.org\/ies.villablanca.madrid\/index.php\/author\/cuenta_depmatematicas-ies-villablanca-madrid\/"},"rttpg_comment":0,"rttpg_category":false,"rttpg_excerpt":"Caf\u00e9 y Teoremas (El Pa\u00eds) Nuestro d\u00eda a d\u00eda: \u00b7 18 \/ 4\/ 2025 XXIX CONCURSO DE PRIMAVERA DE MATEM\u00c1TICAS Un a\u00f1o m\u00e1s, y ya son muchos, estuvimos en el ...","post_mailing_queue_ids":[],"_links":{"self":[{"href":"https:\/\/site.educa.madrid.org\/ies.villablanca.madrid\/index.php\/wp-json\/wp\/v2\/pages\/4359","targetHints":{"allow":["GET"]}}],"collection":[{"href":"https:\/\/site.educa.madrid.org\/ies.villablanca.madrid\/index.php\/wp-json\/wp\/v2\/pages"}],"about":[{"href":"https:\/\/site.educa.madrid.org\/ies.villablanca.madrid\/index.php\/wp-json\/wp\/v2\/types\/page"}],"author":[{"embeddable":true,"href":"https:\/\/site.educa.madrid.org\/ies.villablanca.madrid\/index.php\/wp-json\/wp\/v2\/users\/25"}],"replies":[{"embeddable":true,"href":"https:\/\/site.educa.madrid.org\/ies.villablanca.madrid\/index.php\/wp-json\/wp\/v2\/comments?post=4359"}],"version-history":[{"count":21,"href":"https:\/\/site.educa.madrid.org\/ies.villablanca.madrid\/index.php\/wp-json\/wp\/v2\/pages\/4359\/revisions"}],"predecessor-version":[{"id":10905,"href":"https:\/\/site.educa.madrid.org\/ies.villablanca.madrid\/index.php\/wp-json\/wp\/v2\/pages\/4359\/revisions\/10905"}],"wp:attachment":[{"href":"https:\/\/site.educa.madrid.org\/ies.villablanca.madrid\/index.php\/wp-json\/wp\/v2\/media?parent=4359"}],"wp:term":[{"taxonomy":"folder","embeddable":true,"href":"https:\/\/site.educa.madrid.org\/ies.villablanca.madrid\/index.php\/wp-json\/wp\/v2\/folder?post=4359"}],"curies":[{"name":"wp","href":"https:\/\/api.w.org\/{rel}","templated":true}]}}