{"id":61,"date":"2022-10-11T13:14:03","date_gmt":"2022-10-11T11:14:03","guid":{"rendered":"https:\/\/site.educa.madrid.org\/centro.nuevadinamicas10\/?page_id=61"},"modified":"2024-11-29T12:16:07","modified_gmt":"2024-11-29T11:16:07","slug":"biblioteca","status":"publish","type":"page","link":"https:\/\/site.educa.madrid.org\/ies.villablanca.madrid\/index.php\/biblioteca\/","title":{"rendered":"Biblioteca"},"content":{"rendered":"\n<h2 class=\"wp-block-heading\"><a href=\"https:\/\/cloud.educa.madrid.org\/s\/BXkB7Jjr9PD3GxT\">\ud83d\udcd6<\/a> <a href=\"https:\/\/cloud.educa.madrid.org\/s\/BXkB7Jjr9PD3GxT\">Informaciones varias<\/a><\/h2>\n\n\n\n<h3 class=\"wp-block-heading has-text-align-center\">BIBLIOTECAS DIGITALES<\/h3>\n\n\n\n<p><a href=\"https:\/\/madrid.ebiblio.es\/\">Ebiblio Madrid <\/a>es una biblioteca digital a la que se puede acceder con el carnet de las Bibliotecas P\u00fablicas de la Comunidad de Madrid. Dispone de un cat\u00e1logo con todas las novedades, sistema de reserva y posiblidad de leer en l\u00ednea o en dispositivos electr\u00f3nicos como tablets, m\u00f3viles o libros electr\u00f3nicos.<\/p>\n\n\n\n<p>Consulta <a href=\"https:\/\/www.google.com\/search?q=ebiblio+madrid&amp;sca_esv=566533333&amp;biw=1366&amp;bih=611&amp;tbm=vid&amp;ei=9V8JZeewM--kkdUPl-iQwAs&amp;ved=0ahUKEwin__PjpLaBAxVvUqQEHRc0BLgQ4dUDCA0&amp;uact=5&amp;oq=ebiblio+madrid&amp;gs_lp=Eg1nd3Mtd2l6LXZpZGVvIg5lYmlibGlvIG1hZHJpZDIFEAAYogQyBRAAGKIEMgUQABiiBEiQGVCCBFjIEHAAeACQAQCYAW2gAZsGqgEDNi4yuAEDyAEA-AEBwgIFECEYoAGIBgE&amp;sclient=gws-wiz-video#fpstate=ive&amp;vld=cid:c2692726,vid:PpP487Vw63A,st:0\" data-type=\"URL\" data-id=\"https:\/\/www.google.com\/search?q=ebiblio+madrid&amp;sca_esv=566533333&amp;biw=1366&amp;bih=611&amp;tbm=vid&amp;ei=9V8JZeewM--kkdUPl-iQwAs&amp;ved=0ahUKEwin__PjpLaBAxVvUqQEHRc0BLgQ4dUDCA0&amp;uact=5&amp;oq=ebiblio+madrid&amp;gs_lp=Eg1nd3Mtd2l6LXZpZGVvIg5lYmlibGlvIG1hZHJpZDIFEAAYogQyBRAAGKIEMgUQABiiBEiQGVCCBFjIEHAAeACQAQCYAW2gAZsGqgEDNi4yuAEDyAEA-AEBwgIFECEYoAGIBgE&amp;sclient=gws-wiz-video#fpstate=ive&amp;vld=cid:c2692726,vid:PpP487Vw63A,st:0\">este v\u00eddeo<\/a> para saber m\u00e1s.<\/p>\n\n\n\n<p><a rel=\"noreferrer noopener\" href=\"https:\/\/madread.educa.madrid.org\/\" target=\"_blank\">MadREAD<\/a> es una biblioteca digital para todos los usuarios de EducaMadrid. Para acceder s\u00f3lo es necesario disponer del usuario y contrase\u00f1a que se utiliza para el correo o para el aula virtual de EducaMadrid. Dispone de un amplio cat\u00e1logo, siendo posible leer en l\u00ednea o en cualquier dispositivo electr\u00f3nico. Al igual que Ebiblio Madrid dispone tambi\u00e9n de una aplicaci\u00f3n para tel\u00e9fonos m\u00f3viles o tablets.<\/p>\n\n\n\n<p>Para saber m\u00e1s puedes ver <a href=\"https:\/\/www.youtube.com\/watch?v=HYYJr4EKxZI\">este v\u00eddeo.<\/a><\/p>\n","protected":false},"excerpt":{"rendered":"<p>\ud83d\udcd6 Informaciones varias BIBLIOTECAS DIGITALES Ebiblio Madrid es una biblioteca digital a la que se puede acceder con el carnet de las Bibliotecas P\u00fablicas de la Comunidad de Madrid. Dispone &#8230;<\/p>\n","protected":false},"author":14,"featured_media":0,"parent":0,"menu_order":0,"comment_status":"closed","ping_status":"closed","template":"","meta":{"footnotes":""},"folder":[],"class_list":["post-61","page","type-page","status-publish","hentry"],"rttpg_featured_image_url":null,"rttpg_author":{"display_name":"Departamento Cultura Cl\u00e1sica IES Villablanca","author_link":"https:\/\/site.educa.madrid.org\/ies.villablanca.madrid\/index.php\/author\/cuenta_depculturaclasica-ies-villablanca-madrid\/"},"rttpg_comment":0,"rttpg_category":false,"rttpg_excerpt":"\ud83d\udcd6 Informaciones varias BIBLIOTECAS DIGITALES Ebiblio Madrid es una biblioteca digital a la que se puede acceder con el carnet de las Bibliotecas P\u00fablicas de la Comunidad de Madrid. Dispone ...","post_mailing_queue_ids":[],"_links":{"self":[{"href":"https:\/\/site.educa.madrid.org\/ies.villablanca.madrid\/index.php\/wp-json\/wp\/v2\/pages\/61","targetHints":{"allow":["GET"]}}],"collection":[{"href":"https:\/\/site.educa.madrid.org\/ies.villablanca.madrid\/index.php\/wp-json\/wp\/v2\/pages"}],"about":[{"href":"https:\/\/site.educa.madrid.org\/ies.villablanca.madrid\/index.php\/wp-json\/wp\/v2\/types\/page"}],"author":[{"embeddable":true,"href":"https:\/\/site.educa.madrid.org\/ies.villablanca.madrid\/index.php\/wp-json\/wp\/v2\/users\/14"}],"replies":[{"embeddable":true,"href":"https:\/\/site.educa.madrid.org\/ies.villablanca.madrid\/index.php\/wp-json\/wp\/v2\/comments?post=61"}],"version-history":[{"count":11,"href":"https:\/\/site.educa.madrid.org\/ies.villablanca.madrid\/index.php\/wp-json\/wp\/v2\/pages\/61\/revisions"}],"predecessor-version":[{"id":8840,"href":"https:\/\/site.educa.madrid.org\/ies.villablanca.madrid\/index.php\/wp-json\/wp\/v2\/pages\/61\/revisions\/8840"}],"wp:attachment":[{"href":"https:\/\/site.educa.madrid.org\/ies.villablanca.madrid\/index.php\/wp-json\/wp\/v2\/media?parent=61"}],"wp:term":[{"taxonomy":"folder","embeddable":true,"href":"https:\/\/site.educa.madrid.org\/ies.villablanca.madrid\/index.php\/wp-json\/wp\/v2\/folder?post=61"}],"curies":[{"name":"wp","href":"https:\/\/api.w.org\/{rel}","templated":true}]}}