{"id":8030,"date":"2024-04-25T12:55:22","date_gmt":"2024-04-25T10:55:22","guid":{"rendered":"https:\/\/site.educa.madrid.org\/ies.villablanca.madrid\/?page_id=8030"},"modified":"2026-04-22T14:51:57","modified_gmt":"2026-04-22T12:51:57","slug":"orientacion-academica-y-profesional","status":"publish","type":"page","link":"https:\/\/site.educa.madrid.org\/ies.villablanca.madrid\/index.php\/orientacion-academica-y-profesional\/","title":{"rendered":"Orientaci\u00f3n acad\u00e9mica y profesional"},"content":{"rendered":"\n<p>En las siguientes presentaciones y v\u00eddeos se incluye toda la informaci\u00f3n necesaria para que el alumnado de 3\u00ba y 4\u00ba ESO pueda tomar la mejor decisi\u00f3n acad\u00e9mica cara al pr\u00f3ximo curso escolar 2026-27.<\/p>\n\n\n\n<p><\/p>\n\n\n\n<h3 class=\"wp-block-heading\">Para alumnado que cursa actualmente 3\u00ba ESO:<\/h3>\n\n\n\n<div class=\"wp-block-file\"><a id=\"wp-block-file--media-abcb69df-f87c-4eb0-b4a5-dbf26c708c51\" href=\"https:\/\/site.educa.madrid.org\/ies.villablanca.madrid\/\/wp-content\/uploads\/ies.villablanca.madrid\/2026\/04\/2526-OAP-3o-ESO-Modificado.pdf\">Orientaciones Acad\u00e9micas y Profesionales al terminar 3\u00ba ESO<\/a><a href=\"https:\/\/site.educa.madrid.org\/ies.villablanca.madrid\/\/wp-content\/uploads\/ies.villablanca.madrid\/2026\/04\/2526-OAP-3o-ESO-Modificado.pdf\" class=\"wp-block-file__button wp-element-button\" download aria-describedby=\"wp-block-file--media-abcb69df-f87c-4eb0-b4a5-dbf26c708c51\">Descarga<\/a><\/div>\n\n\n\n<p>Se puede consultar un v\u00eddeo explicativo de la presentaci\u00f3n de 3\u00baESO en el siguiente enlace.<\/p>\n\n\n\n<figure class=\"wp-block-embed is-type-rich is-provider-gestor-del-servicio wp-block-embed-gestor-del-servicio\"><div class=\"wp-block-embed__wrapper\">\n<iframe loading=\"lazy\" src=\"https:\/\/mediateca.educa.madrid.org\/contenido\/rqmznpugvarwj7uc\/fs\" width=\"640\" height=\"360\" frameborder=\"0\" allowfullscreen style=\"border:0;overflow:hidden\"><\/iframe>\n<\/div><\/figure>\n\n\n\n<h3 class=\"wp-block-heading\">Para alumnado que cursa actualmente 4\u00ba ESO<\/h3>\n\n\n\n<div class=\"wp-block-file\"><a id=\"wp-block-file--media-a32e8628-0893-4a82-83f1-902a5e650686\" href=\"https:\/\/site.educa.madrid.org\/ies.villablanca.madrid\/\/wp-content\/uploads\/ies.villablanca.madrid\/2026\/04\/2526-OAP-4o-ESO-Modificado.pdf\">Orientaciones Acad\u00e9micas y Profesionales al terminar 4\u00ba ESO<\/a><a href=\"https:\/\/site.educa.madrid.org\/ies.villablanca.madrid\/\/wp-content\/uploads\/ies.villablanca.madrid\/2026\/04\/2526-OAP-4o-ESO-Modificado.pdf\" class=\"wp-block-file__button wp-element-button\" download aria-describedby=\"wp-block-file--media-a32e8628-0893-4a82-83f1-902a5e650686\">Descarga<\/a><\/div>\n\n\n\n<p>Se puede consultar un v\u00eddeo explicativo de la presentaci\u00f3n de 4\u00baESO en el siguiente enlace.<\/p>\n\n\n\n<figure class=\"wp-block-embed is-type-rich is-provider-gestor-del-servicio wp-block-embed-gestor-del-servicio\"><div class=\"wp-block-embed__wrapper\">\n<iframe loading=\"lazy\" src=\"https:\/\/mediateca.educa.madrid.org\/contenido\/pys3srsk19l9w3rd\/fs\" width=\"640\" height=\"360\" frameborder=\"0\" allowfullscreen style=\"border:0;overflow:hidden\"><\/iframe>\n<\/div><\/figure>\n","protected":false},"excerpt":{"rendered":"<p>En las siguientes presentaciones y v\u00eddeos se incluye toda la informaci\u00f3n necesaria para que el alumnado de 3\u00ba y 4\u00ba ESO pueda tomar la mejor decisi\u00f3n acad\u00e9mica cara al pr\u00f3ximo &#8230;<\/p>\n","protected":false},"author":3,"featured_media":0,"parent":0,"menu_order":0,"comment_status":"closed","ping_status":"closed","template":"","meta":{"footnotes":""},"folder":[],"class_list":["post-8030","page","type-page","status-publish","hentry"],"rttpg_featured_image_url":null,"rttpg_author":{"display_name":"ies.villablanca.madrid","author_link":"https:\/\/site.educa.madrid.org\/ies.villablanca.madrid\/index.php\/author\/cuenta_ies-villablanca-madrid\/"},"rttpg_comment":0,"rttpg_category":false,"rttpg_excerpt":"En las siguientes presentaciones y v\u00eddeos se incluye toda la informaci\u00f3n necesaria para que el alumnado de 3\u00ba y 4\u00ba ESO pueda tomar la mejor decisi\u00f3n acad\u00e9mica cara al pr\u00f3ximo ...","post_mailing_queue_ids":[],"_links":{"self":[{"href":"https:\/\/site.educa.madrid.org\/ies.villablanca.madrid\/index.php\/wp-json\/wp\/v2\/pages\/8030","targetHints":{"allow":["GET"]}}],"collection":[{"href":"https:\/\/site.educa.madrid.org\/ies.villablanca.madrid\/index.php\/wp-json\/wp\/v2\/pages"}],"about":[{"href":"https:\/\/site.educa.madrid.org\/ies.villablanca.madrid\/index.php\/wp-json\/wp\/v2\/types\/page"}],"author":[{"embeddable":true,"href":"https:\/\/site.educa.madrid.org\/ies.villablanca.madrid\/index.php\/wp-json\/wp\/v2\/users\/3"}],"replies":[{"embeddable":true,"href":"https:\/\/site.educa.madrid.org\/ies.villablanca.madrid\/index.php\/wp-json\/wp\/v2\/comments?post=8030"}],"version-history":[{"count":10,"href":"https:\/\/site.educa.madrid.org\/ies.villablanca.madrid\/index.php\/wp-json\/wp\/v2\/pages\/8030\/revisions"}],"predecessor-version":[{"id":10845,"href":"https:\/\/site.educa.madrid.org\/ies.villablanca.madrid\/index.php\/wp-json\/wp\/v2\/pages\/8030\/revisions\/10845"}],"wp:attachment":[{"href":"https:\/\/site.educa.madrid.org\/ies.villablanca.madrid\/index.php\/wp-json\/wp\/v2\/media?parent=8030"}],"wp:term":[{"taxonomy":"folder","embeddable":true,"href":"https:\/\/site.educa.madrid.org\/ies.villablanca.madrid\/index.php\/wp-json\/wp\/v2\/folder?post=8030"}],"curies":[{"name":"wp","href":"https:\/\/api.w.org\/{rel}","templated":true}]}}