{"id":8980,"date":"2025-01-09T10:10:15","date_gmt":"2025-01-09T09:10:15","guid":{"rendered":"https:\/\/site.educa.madrid.org\/ies.villablanca.madrid\/?page_id=8980"},"modified":"2025-01-15T14:03:28","modified_gmt":"2025-01-15T13:03:28","slug":"examenes-de-acceso-a-ciclos-formativos","status":"publish","type":"page","link":"https:\/\/site.educa.madrid.org\/ies.villablanca.madrid\/index.php\/examenes-de-acceso-a-ciclos-formativos\/","title":{"rendered":"Pruebas de acceso a Ciclos Formativos de Grado Medio"},"content":{"rendered":"\n<p><\/p>\n\n\n\n<h3 class=\"wp-block-heading\"><strong>Informaci\u00f3n general<\/strong><\/h3>\n\n\n\n<p>A continuaci\u00f3n se incluye <strong>informaci\u00f3n<\/strong> correspondiente a la convocatoria del curso 2024-25<\/p>\n\n\n\n<div class=\"wp-block-file\"><a id=\"wp-block-file--media-32d15814-7799-47c9-8b20-8509aef7b224\" href=\"https:\/\/site.educa.madrid.org\/ies.villablanca.madrid\/\/wp-content\/uploads\/ies.villablanca.madrid\/2025\/01\/PRUEBAS-DE-ACCESO-A-CICLOS-FORMATIVOS-DE-GRADO-MEDIO-Y-DE-GRADO-SUPERIOR.pdf\">PRUEBAS-DE-ACCESO-A-CICLOS-FORMATIVOS-DE-GRADO-MEDIO-Y-DE-GRADO-SUPERIOR<\/a><a href=\"https:\/\/site.educa.madrid.org\/ies.villablanca.madrid\/\/wp-content\/uploads\/ies.villablanca.madrid\/2025\/01\/PRUEBAS-DE-ACCESO-A-CICLOS-FORMATIVOS-DE-GRADO-MEDIO-Y-DE-GRADO-SUPERIOR.pdf\" class=\"wp-block-file__button wp-element-button\" download aria-describedby=\"wp-block-file--media-32d15814-7799-47c9-8b20-8509aef7b224\">Descarga<\/a><\/div>\n\n\n<div class=\"entry-content\">\n<h3>\u00a0<\/h3>\n<h3><strong>Convocatoria oficial<\/strong><\/h3>\n<p>Se puede consultar la <strong>convocatoria<\/strong> para este curso escolar 2024-25 en el siguiente enlace:<\/p>\n<p><a href=\"https:\/\/www.google.com\/url?sa=t&amp;source=web&amp;rct=j&amp;opi=89978449&amp;url=https:\/\/bocm.es\/boletin\/CM_Orden_BOCM\/2024\/12\/13\/BOCM-20241213-27.PDF&amp;ved=2ahUKEwiwjreApOiKAxVlV6QEHWz_JUMQFnoECBUQAQ&amp;usg=AOvVaw1Ivz5OBVBoHUhvqoaYd_cG\">Convocatoria de las pruebas de acceso a Ciclos Formativos (Grado Medio y Grado Superior)<\/a><\/p>\n<\/div>\n<div class=\"entry-content\">\n<h3>\u00a0<\/h3>\n<h3><strong>\u00bfC\u00f3mo matricularme?<\/strong><\/h3>\n<p>https:\/\/sede.comunidad.madrid\/ofertas-formacion\/pruebas-acceso-ciclos-grado-medio-0<\/p>\n<h3>Informaci\u00f3n de la Comunidad de Madrid<\/h3>\n<p>Pinchar en:<\/p>\n<p>https:\/\/www.comunidad.madrid\/servicios\/educacion\/pruebas-acceso<\/p>\n<p>Y seleccionar <em>V\u00eda de Formaci\u00f3n Profesional de Grado Medio<\/em><\/p>\n<h3>Gu\u00eda del sistema educativo<\/h3>\n<p><a href=\"_wp_link_placeholder\" data-wplink-edit=\"true\">https:\/\/dgbilinguismoycalidad.educa.madrid.org\/guiaparafamilias\/esquema-navegacion-sistema-educativo.php<\/a><\/p>\n<h3><strong>Informaci\u00f3n acerca de FP<\/strong><\/h3>\n<p><a href=\"http:\/\/www.todofp.es\" target=\"_blank\" rel=\"noopener noreferrer\">www.todofp.es<\/a>\u00a0<\/p>\n<h3><strong>Convocatoria oficial<\/strong><\/h3>\n<p>Para m\u00e1s informaci\u00f3n acerca de ex\u00e1menes convocados en a\u00f1os anteriores hay que pinchar el siguiente enlace:<\/p>\n<p><a href=\"https:\/\/aulavirtual3.educa.madrid.org\/ies.villablanca.madrid\/course\/view.php?id=710\">https:\/\/aulavirtual3.educa.madrid.org\/ies.villablanca.madrid\/course\/view.php?id=710<\/a><\/p>\n<\/div>\n\n\n<p><\/p>\n","protected":false},"excerpt":{"rendered":"<p>Informaci\u00f3n general A continuaci\u00f3n se incluye informaci\u00f3n correspondiente a la convocatoria del curso 2024-25 \u00a0 Convocatoria oficial Se puede consultar la convocatoria para este curso escolar 2024-25 en el siguiente &#8230;<\/p>\n","protected":false},"author":3,"featured_media":0,"parent":0,"menu_order":0,"comment_status":"closed","ping_status":"closed","template":"","meta":{"footnotes":""},"folder":[],"class_list":["post-8980","page","type-page","status-publish","hentry"],"rttpg_featured_image_url":null,"rttpg_author":{"display_name":"ies.villablanca.madrid","author_link":"https:\/\/site.educa.madrid.org\/ies.villablanca.madrid\/index.php\/author\/cuenta_ies-villablanca-madrid\/"},"rttpg_comment":0,"rttpg_category":false,"rttpg_excerpt":"Informaci\u00f3n general A continuaci\u00f3n se incluye informaci\u00f3n correspondiente a la convocatoria del curso 2024-25 \u00a0 Convocatoria oficial Se puede consultar la convocatoria para este curso escolar 2024-25 en el siguiente ...","post_mailing_queue_ids":[],"_links":{"self":[{"href":"https:\/\/site.educa.madrid.org\/ies.villablanca.madrid\/index.php\/wp-json\/wp\/v2\/pages\/8980","targetHints":{"allow":["GET"]}}],"collection":[{"href":"https:\/\/site.educa.madrid.org\/ies.villablanca.madrid\/index.php\/wp-json\/wp\/v2\/pages"}],"about":[{"href":"https:\/\/site.educa.madrid.org\/ies.villablanca.madrid\/index.php\/wp-json\/wp\/v2\/types\/page"}],"author":[{"embeddable":true,"href":"https:\/\/site.educa.madrid.org\/ies.villablanca.madrid\/index.php\/wp-json\/wp\/v2\/users\/3"}],"replies":[{"embeddable":true,"href":"https:\/\/site.educa.madrid.org\/ies.villablanca.madrid\/index.php\/wp-json\/wp\/v2\/comments?post=8980"}],"version-history":[{"count":14,"href":"https:\/\/site.educa.madrid.org\/ies.villablanca.madrid\/index.php\/wp-json\/wp\/v2\/pages\/8980\/revisions"}],"predecessor-version":[{"id":9018,"href":"https:\/\/site.educa.madrid.org\/ies.villablanca.madrid\/index.php\/wp-json\/wp\/v2\/pages\/8980\/revisions\/9018"}],"wp:attachment":[{"href":"https:\/\/site.educa.madrid.org\/ies.villablanca.madrid\/index.php\/wp-json\/wp\/v2\/media?parent=8980"}],"wp:term":[{"taxonomy":"folder","embeddable":true,"href":"https:\/\/site.educa.madrid.org\/ies.villablanca.madrid\/index.php\/wp-json\/wp\/v2\/folder?post=8980"}],"curies":[{"name":"wp","href":"https:\/\/api.w.org\/{rel}","templated":true}]}}