{"id":9087,"date":"2025-02-11T13:38:39","date_gmt":"2025-02-11T12:38:39","guid":{"rendered":"https:\/\/site.educa.madrid.org\/ies.villablanca.madrid\/?page_id=9087"},"modified":"2025-02-11T13:38:39","modified_gmt":"2025-02-11T12:38:39","slug":"buzon-anonimo-del-plan-regional-contra-las-drogas","status":"publish","type":"page","link":"https:\/\/site.educa.madrid.org\/ies.villablanca.madrid\/index.php\/buzon-anonimo-del-plan-regional-contra-las-drogas\/","title":{"rendered":"Buz\u00f3n an\u00f3nimo del Plan Regional contra las Drogas"},"content":{"rendered":"\n<p>La Comunidad de Madrid, ha presentado el \u00abPlan Regional contra las Drogas\u00bb. Su objetivo es aumentar la sensibilidad y la conciencia social de riesgos y da\u00f1os provocados por las drogas y mejorar la prevenci\u00f3n del consumo y de la adicci\u00f3n a todo tipo de sustancias psicotr\u00f3picas.<\/p>\n\n\n\n<p>Dentro de este plan, se ha puesto en funcionamiento un buz\u00f3n an\u00f3nimo, para informar de cualquier situaci\u00f3n que represente un riesgo para la salud, en un centro educativo.<\/p>\n\n\n\n<p>Se puede acceder al buz\u00f3n a trav\u00e9s de la url:<\/p>\n\n\n\n<p><a href=\"https:\/\/buzonanonimo.educa.madrid.org\/\">https:\/\/buzonanonimo.educa.madrid.org\/<\/a><\/p>\n\n\n\n<p>Tambi\u00e9n a trav\u00e9s del correo electr\u00f3nico:<\/p>\n\n\n\n<p>buzonfueradrogas@educa.madrid.org<\/p>\n\n\n\n<p><\/p>\n","protected":false},"excerpt":{"rendered":"<p>La Comunidad de Madrid, ha presentado el \u00abPlan Regional contra las Drogas\u00bb. Su objetivo es aumentar la sensibilidad y la conciencia social de riesgos y da\u00f1os provocados por las drogas &#8230;<\/p>\n","protected":false},"author":3,"featured_media":0,"parent":0,"menu_order":0,"comment_status":"closed","ping_status":"closed","template":"","meta":{"footnotes":""},"folder":[],"class_list":["post-9087","page","type-page","status-publish","hentry"],"rttpg_featured_image_url":null,"rttpg_author":{"display_name":"ies.villablanca.madrid","author_link":"https:\/\/site.educa.madrid.org\/ies.villablanca.madrid\/index.php\/author\/cuenta_ies-villablanca-madrid\/"},"rttpg_comment":0,"rttpg_category":false,"rttpg_excerpt":"La Comunidad de Madrid, ha presentado el \u00abPlan Regional contra las Drogas\u00bb. Su objetivo es aumentar la sensibilidad y la conciencia social de riesgos y da\u00f1os provocados por las drogas ...","post_mailing_queue_ids":[],"_links":{"self":[{"href":"https:\/\/site.educa.madrid.org\/ies.villablanca.madrid\/index.php\/wp-json\/wp\/v2\/pages\/9087","targetHints":{"allow":["GET"]}}],"collection":[{"href":"https:\/\/site.educa.madrid.org\/ies.villablanca.madrid\/index.php\/wp-json\/wp\/v2\/pages"}],"about":[{"href":"https:\/\/site.educa.madrid.org\/ies.villablanca.madrid\/index.php\/wp-json\/wp\/v2\/types\/page"}],"author":[{"embeddable":true,"href":"https:\/\/site.educa.madrid.org\/ies.villablanca.madrid\/index.php\/wp-json\/wp\/v2\/users\/3"}],"replies":[{"embeddable":true,"href":"https:\/\/site.educa.madrid.org\/ies.villablanca.madrid\/index.php\/wp-json\/wp\/v2\/comments?post=9087"}],"version-history":[{"count":2,"href":"https:\/\/site.educa.madrid.org\/ies.villablanca.madrid\/index.php\/wp-json\/wp\/v2\/pages\/9087\/revisions"}],"predecessor-version":[{"id":9089,"href":"https:\/\/site.educa.madrid.org\/ies.villablanca.madrid\/index.php\/wp-json\/wp\/v2\/pages\/9087\/revisions\/9089"}],"wp:attachment":[{"href":"https:\/\/site.educa.madrid.org\/ies.villablanca.madrid\/index.php\/wp-json\/wp\/v2\/media?parent=9087"}],"wp:term":[{"taxonomy":"folder","embeddable":true,"href":"https:\/\/site.educa.madrid.org\/ies.villablanca.madrid\/index.php\/wp-json\/wp\/v2\/folder?post=9087"}],"curies":[{"name":"wp","href":"https:\/\/api.w.org\/{rel}","templated":true}]}}