{"id":998,"date":"2020-10-06T11:53:41","date_gmt":"2020-10-06T11:53:41","guid":{"rendered":"https:\/\/site.educa.madrid.org\/ies.villablanca.madrid\/?page_id=998"},"modified":"2020-10-06T11:55:13","modified_gmt":"2020-10-06T11:55:13","slug":"ampa-del-ies-villablanca","status":"publish","type":"page","link":"https:\/\/site.educa.madrid.org\/ies.villablanca.madrid\/index.php\/ampa-del-ies-villablanca\/","title":{"rendered":"AMPA"},"content":{"rendered":"\n<p><strong>AMPA del IES Villablanca<\/strong><\/p>\n\n\n\n<p>El IES Villablanca dispone de una Asociaci\u00f3n de Madres y Padres de Alumnos. Para inscribirse hay que entrar a la p\u00e1gina web del AMPA, pinchar en el enlace \u201cApuntate\u201d y seguir las instrucciones que se detallan. La inscripci\u00f3n al AMPA no se renueva anualmente de forma autom\u00e1tica. Es necesario inscribirse cada a\u00f1o que se desee formar parte.<\/p>\n\n\n\n<p>Un saludo y muchas gracias:<\/p>\n\n\n\n<p>&nbsp;&nbsp;&nbsp;&nbsp;&nbsp;&nbsp;&nbsp;&nbsp;&nbsp;&nbsp;&nbsp;&nbsp;&nbsp;&nbsp;&nbsp;&nbsp;&nbsp;&nbsp;&nbsp;&nbsp;&nbsp;&nbsp;&nbsp;&nbsp;&nbsp; <strong><em>AMPA IES Villablanca<\/em><\/strong><\/p>\n\n\n\n<h3 class=\"wp-block-heading\"><a href=\"http:\/\/ampaiesvillablanca.blogspot.com\">Haz click aqu\u00ed para acceder a la p\u00e1gina del AMPA<\/a><\/h3>\n\n\n\n<p><\/p>\n","protected":false},"excerpt":{"rendered":"<p>AMPA del IES Villablanca El IES Villablanca dispone de una Asociaci\u00f3n de Madres y Padres de Alumnos. Para inscribirse hay que entrar a la p\u00e1gina web del AMPA, pinchar en &#8230;<\/p>\n","protected":false},"author":3,"featured_media":0,"parent":0,"menu_order":0,"comment_status":"closed","ping_status":"closed","template":"","meta":{"footnotes":""},"folder":[],"class_list":["post-998","page","type-page","status-publish","hentry"],"rttpg_featured_image_url":null,"rttpg_author":{"display_name":"ies.villablanca.madrid","author_link":"https:\/\/site.educa.madrid.org\/ies.villablanca.madrid\/index.php\/author\/cuenta_ies-villablanca-madrid\/"},"rttpg_comment":0,"rttpg_category":false,"rttpg_excerpt":"AMPA del IES Villablanca El IES Villablanca dispone de una Asociaci\u00f3n de Madres y Padres de Alumnos. Para inscribirse hay que entrar a la p\u00e1gina web del AMPA, pinchar en ...","post_mailing_queue_ids":[],"_links":{"self":[{"href":"https:\/\/site.educa.madrid.org\/ies.villablanca.madrid\/index.php\/wp-json\/wp\/v2\/pages\/998","targetHints":{"allow":["GET"]}}],"collection":[{"href":"https:\/\/site.educa.madrid.org\/ies.villablanca.madrid\/index.php\/wp-json\/wp\/v2\/pages"}],"about":[{"href":"https:\/\/site.educa.madrid.org\/ies.villablanca.madrid\/index.php\/wp-json\/wp\/v2\/types\/page"}],"author":[{"embeddable":true,"href":"https:\/\/site.educa.madrid.org\/ies.villablanca.madrid\/index.php\/wp-json\/wp\/v2\/users\/3"}],"replies":[{"embeddable":true,"href":"https:\/\/site.educa.madrid.org\/ies.villablanca.madrid\/index.php\/wp-json\/wp\/v2\/comments?post=998"}],"version-history":[{"count":3,"href":"https:\/\/site.educa.madrid.org\/ies.villablanca.madrid\/index.php\/wp-json\/wp\/v2\/pages\/998\/revisions"}],"predecessor-version":[{"id":1002,"href":"https:\/\/site.educa.madrid.org\/ies.villablanca.madrid\/index.php\/wp-json\/wp\/v2\/pages\/998\/revisions\/1002"}],"wp:attachment":[{"href":"https:\/\/site.educa.madrid.org\/ies.villablanca.madrid\/index.php\/wp-json\/wp\/v2\/media?parent=998"}],"wp:term":[{"taxonomy":"folder","embeddable":true,"href":"https:\/\/site.educa.madrid.org\/ies.villablanca.madrid\/index.php\/wp-json\/wp\/v2\/folder?post=998"}],"curies":[{"name":"wp","href":"https:\/\/api.w.org\/{rel}","templated":true}]}}