{"id":1480,"date":"2022-12-14T10:24:23","date_gmt":"2022-12-14T09:24:23","guid":{"rendered":"https:\/\/site.educa.madrid.org\/ufil.margaritasalas.fuenlabrada\/?page_id=1480"},"modified":"2025-06-19T12:50:13","modified_gmt":"2025-06-19T10:50:13","slug":"proyecto-educativo","status":"publish","type":"page","link":"https:\/\/site.educa.madrid.org\/ufil.margaritasalas.fuenlabrada\/index.php\/proyecto-educativo\/","title":{"rendered":"Proyecto educativo"},"content":{"rendered":"<p>Los objetivos buscados en el alumnado durante todo el proceso formativo son los siguientes:<\/p>\n<ol>\n<li>Formar en las competencias profesionales de una Cualificaci\u00f3n Profesional de nivel 1.<\/li>\n<li>Favorecer el acceso al mundo laboral a j\u00f3venes que han abandonado el sistema educativo o tienen dificultades para adaptarse al medio escolar o laboral y se encuentran en riesgo de exclusi\u00f3n social.<\/li>\n<li><span style=\"font-size: 1rem;\">Desarrollar habilidades sociales que faciliten la inserci\u00f3n laboral.<\/span><\/li>\n<li><span style=\"font-size: 1rem;\">Ampliar la formaci\u00f3n de los alumnos, en orden a la adquisici\u00f3n de las competencias y conocimientos propios de la ense\u00f1anza b\u00e1sica, que les permita participar en el trabajo y en la actividad social cultural y, en su caso proseguir los estudios en las diferentes ense\u00f1anzas.<\/span><\/li>\n<li><span style=\"font-size: 1rem;\">Prepararles para el ejercicio de actividades profesionales, en oficios y ocupaciones acordes con sus capacidades y expectativas personales.<\/span><\/li>\n<li><span style=\"font-size: 1rem;\">Desarrollar y afianzar su madurez personal, mediante la adquisici\u00f3n de h\u00e1bitos y capacidades que les permitan participar, como trabajadores y ciudadanos responsables, en el trabajo y en la actividad social y cultural.<\/span><\/li>\n<\/ol>\n","protected":false},"excerpt":{"rendered":"<p>Los objetivos buscados en el alumnado durante todo el proceso formativo son los siguientes: Formar en las competencias profesionales de una Cualificaci\u00f3n Profesional de nivel 1. Favorecer el acceso al mundo laboral a j\u00f3venes que han abandonado el sistema educativo o tienen dificultades para adaptarse al medio escolar o laboral y se encuentran en riesgo [&hellip;]<\/p>\n","protected":false},"author":3,"featured_media":0,"parent":0,"menu_order":0,"comment_status":"closed","ping_status":"closed","template":"","meta":{"footnotes":""},"folder":[],"class_list":["post-1480","page","type-page","status-publish","hentry"],"rttpg_featured_image_url":null,"rttpg_author":{"display_name":"ufil.margaritasalas.fuenlabrada","author_link":"https:\/\/site.educa.madrid.org\/ufil.margaritasalas.fuenlabrada\/index.php\/author\/cuenta_ufil-margaritasalas-fuenlabrada\/"},"rttpg_comment":0,"rttpg_category":false,"rttpg_excerpt":"Los objetivos buscados en el alumnado durante todo el proceso formativo son los siguientes: Formar en las competencias profesionales de una Cualificaci\u00f3n Profesional de nivel 1. Favorecer el acceso al mundo laboral a j\u00f3venes que han abandonado el sistema educativo o tienen dificultades para adaptarse al medio escolar o laboral y se encuentran en riesgo&hellip;","post_mailing_queue_ids":[],"_links":{"self":[{"href":"https:\/\/site.educa.madrid.org\/ufil.margaritasalas.fuenlabrada\/index.php\/wp-json\/wp\/v2\/pages\/1480","targetHints":{"allow":["GET"]}}],"collection":[{"href":"https:\/\/site.educa.madrid.org\/ufil.margaritasalas.fuenlabrada\/index.php\/wp-json\/wp\/v2\/pages"}],"about":[{"href":"https:\/\/site.educa.madrid.org\/ufil.margaritasalas.fuenlabrada\/index.php\/wp-json\/wp\/v2\/types\/page"}],"author":[{"embeddable":true,"href":"https:\/\/site.educa.madrid.org\/ufil.margaritasalas.fuenlabrada\/index.php\/wp-json\/wp\/v2\/users\/3"}],"replies":[{"embeddable":true,"href":"https:\/\/site.educa.madrid.org\/ufil.margaritasalas.fuenlabrada\/index.php\/wp-json\/wp\/v2\/comments?post=1480"}],"version-history":[{"count":2,"href":"https:\/\/site.educa.madrid.org\/ufil.margaritasalas.fuenlabrada\/index.php\/wp-json\/wp\/v2\/pages\/1480\/revisions"}],"predecessor-version":[{"id":1751,"href":"https:\/\/site.educa.madrid.org\/ufil.margaritasalas.fuenlabrada\/index.php\/wp-json\/wp\/v2\/pages\/1480\/revisions\/1751"}],"wp:attachment":[{"href":"https:\/\/site.educa.madrid.org\/ufil.margaritasalas.fuenlabrada\/index.php\/wp-json\/wp\/v2\/media?parent=1480"}],"wp:term":[{"taxonomy":"folder","embeddable":true,"href":"https:\/\/site.educa.madrid.org\/ufil.margaritasalas.fuenlabrada\/index.php\/wp-json\/wp\/v2\/folder?post=1480"}],"curies":[{"name":"wp","href":"https:\/\/api.w.org\/{rel}","templated":true}]}}