{"id":1483,"date":"2022-12-14T10:42:45","date_gmt":"2022-12-14T09:42:45","guid":{"rendered":"https:\/\/site.educa.madrid.org\/ufil.margaritasalas.fuenlabrada\/?page_id=1483"},"modified":"2023-06-14T13:15:05","modified_gmt":"2023-06-14T11:15:05","slug":"enlaces","status":"publish","type":"page","link":"https:\/\/site.educa.madrid.org\/ufil.margaritasalas.fuenlabrada\/index.php\/enlaces\/","title":{"rendered":"Enlaces de inter\u00e9s"},"content":{"rendered":"<p><a href=\"https:\/\/www.ayto-fuenlabrada.es\/\" target=\"_blank\" rel=\"noopener\">Ayuntamiento de Fuenlabrada<\/a><\/p>\n<p><a href=\"https:\/\/www.educa2.madrid.org\/web\/direcciones-de-area\/dat-sur\" target=\"_blank\" rel=\"noopener\">DAT Sur<\/a>: Direcci\u00f3n del \u00c1rea Territorial Madrid Sur<\/p>\n<p><a href=\"https:\/\/www.comunidad.madrid\/servicios\/juventud\/garantia-juvenil\" target=\"_blank\" rel=\"noopener\">Garant\u00eda juvenil<\/a><\/p>\n","protected":false},"excerpt":{"rendered":"<p>Ayuntamiento de Fuenlabrada DAT Sur: Direcci\u00f3n del \u00c1rea Territorial Madrid Sur Garant\u00eda juvenil<\/p>\n","protected":false},"author":3,"featured_media":0,"parent":0,"menu_order":0,"comment_status":"closed","ping_status":"closed","template":"","meta":{"footnotes":""},"folder":[],"class_list":["post-1483","page","type-page","status-publish","hentry"],"rttpg_featured_image_url":null,"rttpg_author":{"display_name":"ufil.margaritasalas.fuenlabrada","author_link":"https:\/\/site.educa.madrid.org\/ufil.margaritasalas.fuenlabrada\/index.php\/author\/cuenta_ufil-margaritasalas-fuenlabrada\/"},"rttpg_comment":0,"rttpg_category":false,"rttpg_excerpt":"Ayuntamiento de Fuenlabrada DAT Sur: Direcci\u00f3n del \u00c1rea Territorial Madrid Sur Garant\u00eda juvenil","post_mailing_queue_ids":[],"_links":{"self":[{"href":"https:\/\/site.educa.madrid.org\/ufil.margaritasalas.fuenlabrada\/index.php\/wp-json\/wp\/v2\/pages\/1483","targetHints":{"allow":["GET"]}}],"collection":[{"href":"https:\/\/site.educa.madrid.org\/ufil.margaritasalas.fuenlabrada\/index.php\/wp-json\/wp\/v2\/pages"}],"about":[{"href":"https:\/\/site.educa.madrid.org\/ufil.margaritasalas.fuenlabrada\/index.php\/wp-json\/wp\/v2\/types\/page"}],"author":[{"embeddable":true,"href":"https:\/\/site.educa.madrid.org\/ufil.margaritasalas.fuenlabrada\/index.php\/wp-json\/wp\/v2\/users\/3"}],"replies":[{"embeddable":true,"href":"https:\/\/site.educa.madrid.org\/ufil.margaritasalas.fuenlabrada\/index.php\/wp-json\/wp\/v2\/comments?post=1483"}],"version-history":[{"count":7,"href":"https:\/\/site.educa.madrid.org\/ufil.margaritasalas.fuenlabrada\/index.php\/wp-json\/wp\/v2\/pages\/1483\/revisions"}],"predecessor-version":[{"id":1646,"href":"https:\/\/site.educa.madrid.org\/ufil.margaritasalas.fuenlabrada\/index.php\/wp-json\/wp\/v2\/pages\/1483\/revisions\/1646"}],"wp:attachment":[{"href":"https:\/\/site.educa.madrid.org\/ufil.margaritasalas.fuenlabrada\/index.php\/wp-json\/wp\/v2\/media?parent=1483"}],"wp:term":[{"taxonomy":"folder","embeddable":true,"href":"https:\/\/site.educa.madrid.org\/ufil.margaritasalas.fuenlabrada\/index.php\/wp-json\/wp\/v2\/folder?post=1483"}],"curies":[{"name":"wp","href":"https:\/\/api.w.org\/{rel}","templated":true}]}}