{"id":152,"date":"2022-07-21T12:32:59","date_gmt":"2022-07-21T10:32:59","guid":{"rendered":"https:\/\/site.educa.madrid.org\/centro.nuevadinamicas07\/?page_id=152"},"modified":"2023-06-14T12:47:27","modified_gmt":"2023-06-14T10:47:27","slug":"quienes-somos","status":"publish","type":"page","link":"https:\/\/site.educa.madrid.org\/ufil.margaritasalas.fuenlabrada\/index.php\/quienes-somos\/","title":{"rendered":"Qui\u00e9nes somos"},"content":{"rendered":"\n<p>La Unidad de Formaci\u00f3n e Inserci\u00f3n Laboral Margarita Salas es un centro p\u00fablico que imparte Programas Profesionales en la modalidad de Aulas Profesionales.<\/p>\n\n\n\n<figure class=\"wp-block-image size-full\"><img loading=\"lazy\" decoding=\"async\" width=\"1024\" height=\"617\" src=\"https:\/\/site.educa.madrid.org\/ufil.margaritasalas.fuenlabrada\/\/wp-content\/uploads\/ufil.margaritasalas.fuenlabrada\/2023\/04\/UFIL-MS.jpg\" alt=\"\" class=\"wp-image-1564\" srcset=\"https:\/\/site.educa.madrid.org\/ufil.margaritasalas.fuenlabrada\/\/wp-content\/uploads\/ufil.margaritasalas.fuenlabrada\/2023\/04\/UFIL-MS.jpg 1024w, https:\/\/site.educa.madrid.org\/ufil.margaritasalas.fuenlabrada\/\/wp-content\/uploads\/ufil.margaritasalas.fuenlabrada\/2023\/04\/UFIL-MS-300x181.jpg 300w, https:\/\/site.educa.madrid.org\/ufil.margaritasalas.fuenlabrada\/\/wp-content\/uploads\/ufil.margaritasalas.fuenlabrada\/2023\/04\/UFIL-MS-768x463.jpg 768w, https:\/\/site.educa.madrid.org\/ufil.margaritasalas.fuenlabrada\/\/wp-content\/uploads\/ufil.margaritasalas.fuenlabrada\/2023\/04\/UFIL-MS-240x145.jpg 240w\" sizes=\"auto, (max-width: 1024px) 100vw, 1024px\" \/><\/figure>\n\n\n\n<p>Estos programas tienen como finalidad el acceso al mundo laboral a los j\u00f3venes que abandonaron el sistema educativo, se encuentren desescolarizados, en situaci\u00f3n de marginaci\u00f3n o riesgo de exclusi\u00f3n social y con dificultades para adaptarse al medio escolar o laboral.<\/p>\n\n\n\n<p>En nuestro centro se imparten los programas profesionales de <strong><a href=\"https:\/\/site.educa.madrid.org\/ufil.margaritasalas.fuenlabrada\/index.php\/2019\/01\/14\/cocina\/\" data-type=\"post\" data-id=\"107\">Cocina <\/a><\/strong>y de <strong><a href=\"https:\/\/site.educa.madrid.org\/ufil.margaritasalas.fuenlabrada\/index.php\/2019\/01\/14\/jardineria\/\" data-type=\"post\" data-id=\"1277\">Electricidad<\/a><\/strong>.<\/p>\n\n\n\n<p>Las clases se desarrollan en turno de ma\u00f1ana, en horario de 8:30 a 14:30 horas.<\/p>\n\n\n\n<p>Contamos con un equipo docente multidisciplinar formado por maestros, profesores t\u00e9cnicos de Formaci\u00f3n Profesional.<\/p>\n\n\n\n<p>La duraci\u00f3n m\u00ednima de los programas de esta modalidad ser\u00e1 de un total de 1.000 horas de formaci\u00f3n.<\/p>\n\n\n\n<p>Las ense\u00f1anzas de este centro est\u00e1n cofinanciadas por el FONDO SOCIAL EUROPEO.<\/p>\n\n\n\n<div style=\"height:40px\" aria-hidden=\"true\" class=\"wp-block-spacer\"><\/div>\n\n\n\n<div class=\"wp-block-image\"><figure class=\"aligncenter size-large is-resized\"><img loading=\"lazy\" decoding=\"async\" src=\"https:\/\/site.educa.madrid.org\/ufil.margaritasalas.fuenlabrada\/\/wp-content\/uploads\/ufil.margaritasalas.fuenlabrada\/2023\/02\/fse-1024x256.jpg\" alt=\"\" class=\"wp-image-1502\" width=\"512\" height=\"128\" srcset=\"https:\/\/site.educa.madrid.org\/ufil.margaritasalas.fuenlabrada\/\/wp-content\/uploads\/ufil.margaritasalas.fuenlabrada\/2023\/02\/fse-1024x256.jpg 1024w, https:\/\/site.educa.madrid.org\/ufil.margaritasalas.fuenlabrada\/\/wp-content\/uploads\/ufil.margaritasalas.fuenlabrada\/2023\/02\/fse-300x75.jpg 300w, https:\/\/site.educa.madrid.org\/ufil.margaritasalas.fuenlabrada\/\/wp-content\/uploads\/ufil.margaritasalas.fuenlabrada\/2023\/02\/fse-768x192.jpg 768w, https:\/\/site.educa.madrid.org\/ufil.margaritasalas.fuenlabrada\/\/wp-content\/uploads\/ufil.margaritasalas.fuenlabrada\/2023\/02\/fse-1536x384.jpg 1536w, https:\/\/site.educa.madrid.org\/ufil.margaritasalas.fuenlabrada\/\/wp-content\/uploads\/ufil.margaritasalas.fuenlabrada\/2023\/02\/fse-2048x512.jpg 2048w\" sizes=\"auto, (max-width: 512px) 100vw, 512px\" \/><\/figure><\/div>\n\n\n\n<div style=\"height:100px\" aria-hidden=\"true\" class=\"wp-block-spacer\"><\/div>\n\n\n\n<p><a href=\"https:\/\/www.educa2.madrid.org\/web\/educamadrid\/principal\/files\/bc7ac448-800a-4524-b12c-0bad8f230870\/Proteccion%20datos%20matricula.pdf?t=1549447591046\">Protecci\u00f3n de datos referente a la matriculaci\u00f3n<\/a><\/p>\n\n\n\n<p>Informaci\u00f3n relativa a la protecci\u00f3n de datos personales de la Comunidad de Madrid: <a rel=\"noreferrer noopener\" href=\"https:\/\/www.educa2.madrid.org\/web\/educamadrid\/principal\/files\/bc7ac448-800a-4524-b12c-0bad8f230870\/InstruccionesProtecciondeDatosCentros2021_2022_26731297.pdf?t=1643187838400\" target=\"_blank\">Instrucciones Proteccion de Datos Centros<\/a><\/p>\n","protected":false},"excerpt":{"rendered":"<p>La Unidad de Formaci\u00f3n e Inserci\u00f3n Laboral Margarita Salas es un centro p\u00fablico que imparte Programas Profesionales en la modalidad de Aulas Profesionales. Estos programas tienen como finalidad el acceso al mundo laboral a los j\u00f3venes que abandonaron el sistema educativo, se encuentren desescolarizados, en situaci\u00f3n de marginaci\u00f3n o riesgo de exclusi\u00f3n social y con [&hellip;]<\/p>\n","protected":false},"author":4,"featured_media":0,"parent":0,"menu_order":0,"comment_status":"closed","ping_status":"closed","template":"","meta":{"footnotes":""},"folder":[],"class_list":["post-152","page","type-page","status-publish","hentry"],"rttpg_featured_image_url":null,"rttpg_author":{"display_name":"Cuenta Admin-educamadrid","author_link":"https:\/\/site.educa.madrid.org\/ufil.margaritasalas.fuenlabrada\/index.php\/author\/cuenta_admin-educamadrid\/"},"rttpg_comment":0,"rttpg_category":false,"rttpg_excerpt":"La Unidad de Formaci\u00f3n e Inserci\u00f3n Laboral Margarita Salas es un centro p\u00fablico que imparte Programas Profesionales en la modalidad de Aulas Profesionales. Estos programas tienen como finalidad el acceso al mundo laboral a los j\u00f3venes que abandonaron el sistema educativo, se encuentren desescolarizados, en situaci\u00f3n de marginaci\u00f3n o riesgo de exclusi\u00f3n social y con&hellip;","post_mailing_queue_ids":[],"_links":{"self":[{"href":"https:\/\/site.educa.madrid.org\/ufil.margaritasalas.fuenlabrada\/index.php\/wp-json\/wp\/v2\/pages\/152","targetHints":{"allow":["GET"]}}],"collection":[{"href":"https:\/\/site.educa.madrid.org\/ufil.margaritasalas.fuenlabrada\/index.php\/wp-json\/wp\/v2\/pages"}],"about":[{"href":"https:\/\/site.educa.madrid.org\/ufil.margaritasalas.fuenlabrada\/index.php\/wp-json\/wp\/v2\/types\/page"}],"author":[{"embeddable":true,"href":"https:\/\/site.educa.madrid.org\/ufil.margaritasalas.fuenlabrada\/index.php\/wp-json\/wp\/v2\/users\/4"}],"replies":[{"embeddable":true,"href":"https:\/\/site.educa.madrid.org\/ufil.margaritasalas.fuenlabrada\/index.php\/wp-json\/wp\/v2\/comments?post=152"}],"version-history":[{"count":16,"href":"https:\/\/site.educa.madrid.org\/ufil.margaritasalas.fuenlabrada\/index.php\/wp-json\/wp\/v2\/pages\/152\/revisions"}],"predecessor-version":[{"id":1631,"href":"https:\/\/site.educa.madrid.org\/ufil.margaritasalas.fuenlabrada\/index.php\/wp-json\/wp\/v2\/pages\/152\/revisions\/1631"}],"wp:attachment":[{"href":"https:\/\/site.educa.madrid.org\/ufil.margaritasalas.fuenlabrada\/index.php\/wp-json\/wp\/v2\/media?parent=152"}],"wp:term":[{"taxonomy":"folder","embeddable":true,"href":"https:\/\/site.educa.madrid.org\/ufil.margaritasalas.fuenlabrada\/index.php\/wp-json\/wp\/v2\/folder?post=152"}],"curies":[{"name":"wp","href":"https:\/\/api.w.org\/{rel}","templated":true}]}}