{"id":1706,"date":"2025-02-24T20:03:59","date_gmt":"2025-02-24T19:03:59","guid":{"rendered":"https:\/\/site.educa.madrid.org\/ufil.margaritasalas.fuenlabrada\/?page_id=1706"},"modified":"2025-02-24T20:15:42","modified_gmt":"2025-02-24T19:15:42","slug":"buzon-de-denuncias-del-plan-regional-contra-las-drogas","status":"publish","type":"page","link":"https:\/\/site.educa.madrid.org\/ufil.margaritasalas.fuenlabrada\/index.php\/buzon-de-denuncias-del-plan-regional-contra-las-drogas\/","title":{"rendered":"Buz\u00f3n de denuncias del Plan Regional contra las Drogas"},"content":{"rendered":"\n<p>La Comunidad de Madrid ha presentado el \u00abPlan Regional contra las Drogas\u00bb. Su objetivo es aumentar la sensibilidad y la conciencia social de riesgos y da\u00f1os provocados por las drogas y mejorar la prevenci\u00f3n del consumo y de la adicci\u00f3n a todo tipo de sustancias psicotr\u00f3picas.<\/p>\n\n\n\n<p>Dentro de este plan se han puesto en funcionamiento los siguientes buzones an\u00f3nimos para informar de cualquier situaci\u00f3n que represente un riesgo para la salud en el centro educativo:<\/p>\n\n\n\n<ul class=\"wp-block-list\">\n<li><strong>Buz\u00f3n f\u00edsico de denuncias<\/strong> en el propio centro.<\/li>\n\n\n\n<li><strong>Buz\u00f3n de denuncias por correo electr\u00f3nico<\/strong>: <a href=\"mailto:buzonfueradrogas@educa.madrid.org\">buzonfueradrogas@educa.madrid.org<\/a><\/li>\n\n\n\n<li><strong>Buz\u00f3n de denuncias a trav\u00e9s de c\u00f3digo QR<\/strong> ( <a href=\"https:\/\/buzonanonimo.educa.madrid.org\" target=\"_blank\" rel=\"noopener\">https:\/\/buzonanonimo.educa.madrid.org<\/a> ):<\/li>\n<\/ul>\n\n\n\n<p><\/p>\n\n\n<div class=\"wp-block-image is-resized\">\n<figure class=\"aligncenter size-full\"><a href=\"https:\/\/buzonanonimo.educa.madrid.org\" target=\"_blank\" rel=\"noreferrer noopener\"><img loading=\"lazy\" decoding=\"async\" width=\"680\" height=\"857\" src=\"https:\/\/site.educa.madrid.org\/ufil.margaritasalas.fuenlabrada\/\/wp-content\/uploads\/ufil.margaritasalas.fuenlabrada\/2025\/02\/QR_Buzon.jpg\" alt=\"\" class=\"wp-image-1676\" style=\"width:394px;height:auto\" srcset=\"https:\/\/site.educa.madrid.org\/ufil.margaritasalas.fuenlabrada\/\/wp-content\/uploads\/ufil.margaritasalas.fuenlabrada\/2025\/02\/QR_Buzon.jpg 680w, https:\/\/site.educa.madrid.org\/ufil.margaritasalas.fuenlabrada\/\/wp-content\/uploads\/ufil.margaritasalas.fuenlabrada\/2025\/02\/QR_Buzon-238x300.jpg 238w\" sizes=\"auto, (max-width: 680px) 100vw, 680px\" \/><\/a><\/figure>\n<\/div>","protected":false},"excerpt":{"rendered":"<p>La Comunidad de Madrid ha presentado el \u00abPlan Regional contra las Drogas\u00bb. Su objetivo es aumentar la sensibilidad y la conciencia social de riesgos y da\u00f1os provocados por las drogas y mejorar la prevenci\u00f3n del consumo y de la adicci\u00f3n a todo tipo de sustancias psicotr\u00f3picas. Dentro de este plan se han puesto en funcionamiento [&hellip;]<\/p>\n","protected":false},"author":2,"featured_media":0,"parent":0,"menu_order":0,"comment_status":"closed","ping_status":"closed","template":"","meta":{"footnotes":""},"folder":[],"class_list":["post-1706","page","type-page","status-publish","hentry"],"rttpg_featured_image_url":null,"rttpg_author":{"display_name":"tic.ufil.margaritasalas.fuenlabrada","author_link":"https:\/\/site.educa.madrid.org\/ufil.margaritasalas.fuenlabrada\/index.php\/author\/cuenta_tic-ufil-margaritasalas-fuenlabrada\/"},"rttpg_comment":0,"rttpg_category":false,"rttpg_excerpt":"La Comunidad de Madrid ha presentado el \u00abPlan Regional contra las Drogas\u00bb. Su objetivo es aumentar la sensibilidad y la conciencia social de riesgos y da\u00f1os provocados por las drogas y mejorar la prevenci\u00f3n del consumo y de la adicci\u00f3n a todo tipo de sustancias psicotr\u00f3picas. Dentro de este plan se han puesto en funcionamiento&hellip;","post_mailing_queue_ids":[],"_links":{"self":[{"href":"https:\/\/site.educa.madrid.org\/ufil.margaritasalas.fuenlabrada\/index.php\/wp-json\/wp\/v2\/pages\/1706","targetHints":{"allow":["GET"]}}],"collection":[{"href":"https:\/\/site.educa.madrid.org\/ufil.margaritasalas.fuenlabrada\/index.php\/wp-json\/wp\/v2\/pages"}],"about":[{"href":"https:\/\/site.educa.madrid.org\/ufil.margaritasalas.fuenlabrada\/index.php\/wp-json\/wp\/v2\/types\/page"}],"author":[{"embeddable":true,"href":"https:\/\/site.educa.madrid.org\/ufil.margaritasalas.fuenlabrada\/index.php\/wp-json\/wp\/v2\/users\/2"}],"replies":[{"embeddable":true,"href":"https:\/\/site.educa.madrid.org\/ufil.margaritasalas.fuenlabrada\/index.php\/wp-json\/wp\/v2\/comments?post=1706"}],"version-history":[{"count":10,"href":"https:\/\/site.educa.madrid.org\/ufil.margaritasalas.fuenlabrada\/index.php\/wp-json\/wp\/v2\/pages\/1706\/revisions"}],"predecessor-version":[{"id":1718,"href":"https:\/\/site.educa.madrid.org\/ufil.margaritasalas.fuenlabrada\/index.php\/wp-json\/wp\/v2\/pages\/1706\/revisions\/1718"}],"wp:attachment":[{"href":"https:\/\/site.educa.madrid.org\/ufil.margaritasalas.fuenlabrada\/index.php\/wp-json\/wp\/v2\/media?parent=1706"}],"wp:term":[{"taxonomy":"folder","embeddable":true,"href":"https:\/\/site.educa.madrid.org\/ufil.margaritasalas.fuenlabrada\/index.php\/wp-json\/wp\/v2\/folder?post=1706"}],"curies":[{"name":"wp","href":"https:\/\/api.w.org\/{rel}","templated":true}]}}