{"id":895,"date":"2020-09-29T08:31:29","date_gmt":"2020-09-29T08:31:29","guid":{"rendered":"https:\/\/site.educa.madrid.org\/ufil.puertabonita.madrid\/?page_id=895"},"modified":"2025-10-20T10:16:51","modified_gmt":"2025-10-20T08:16:51","slug":"portada","status":"publish","type":"page","link":"https:\/\/site.educa.madrid.org\/ufil.margaritasalas.fuenlabrada\/","title":{"rendered":"Portada"},"content":{"rendered":"\n<div style=\"height:50px\" aria-hidden=\"true\" class=\"wp-block-spacer\"><\/div>\n\n\n\n<style>\n\t.calendario_matriculacion {\n\t\tborder: 1px solid #da3523;\n\t\tpadding: 2em;\n\t}\n\t.calendario_matriculacion span {\n\t\tcolor: #da3523;\n\t}\n\t.calendario_matriculacion p {\n\t\tmargin-bottom: 0.8em;\n\t}\n\t@media (min-width: 768px) {\n\t\t.calendario_matriculacion span {\n\t\t\twidth: 200px;\n\t\t\tdisplay: inline-block;\n\t\t\ttext-align: right;\n\t\t}\n\t\t.calendario_matriculacion p {\n\t\t\tmargin-bottom: 0;\n\t\t}\n\t}\n\n<\/style>\n<!--<p class=\"has-text-align-center has-white-color has-text-color has-background has-medium-font-size\" style=\"background-color: #da3523;\">Abierto periodo de MATRICULACI\u00d3N para el curso 2025-26<\/b><\/p>\n<div class=\"calendario_matriculacion\">\n\t<div style=\"font-size: 18px; margin: 0 auto; max-width: 600px\">\n\t\t<p><span>Del 2 al 13 de junio:<\/span> Presentaci\u00f3n de solicitudes de admisi\u00f3n<\/p>\n\t\t<p><span>17 de junio:<\/span> Publicaci\u00f3n de listados provisionales<\/p>\n\t\t<p><span>18, 19 y 20 de junio:<\/span> Plazo de reclamaci\u00f3n<\/p>\n\t\t<p><span>23 de junio:<\/span> Publicaci\u00f3n del alumnado admitido<\/p>\n\t\t<p><span>Del 24 al 27 de junio:<\/span> Matriculaci\u00f3n del alumnado admitido<\/p>\n\t<\/div>\n<\/div>-->\n\n\n\n<div style=\"height:50px\" aria-hidden=\"true\" class=\"wp-block-spacer\"><\/div>\n\n\n\n<p>La <strong>Unidad de Formaci\u00f3n e Inserci\u00f3n Laboral Margarita Salas<\/strong> es un centro p\u00fablico que imparte los Programas Profesionales de <strong><a href=\"https:\/\/site.educa.madrid.org\/ufil.margaritasalas.fuenlabrada\/index.php\/2019\/01\/14\/cocina\/\" data-type=\"post\" data-id=\"107\">Cocina <\/a><\/strong>y de <strong><a href=\"https:\/\/site.educa.madrid.org\/ufil.margaritasalas.fuenlabrada\/index.php\/2019\/01\/14\/jardineria\/\" data-type=\"post\" data-id=\"1277\">Electricidad<\/a><\/strong> en la modalidad de Aulas Profesionales en Fuenlabrada (Madrid).<\/p>\n\n\n\n<div class=\"wp-block-group is-layout-flex wp-block-group-is-layout-flex\">\n<div style=\"height:15px;width:0px\" aria-hidden=\"true\" class=\"wp-block-spacer wp-container-content-42c95ffb\"><\/div>\n<\/div>\n\n\n\n<figure class=\"wp-block-image size-full\"><img loading=\"lazy\" decoding=\"async\" width=\"1024\" height=\"617\" src=\"https:\/\/site.educa.madrid.org\/ufil.margaritasalas.fuenlabrada\/\/wp-content\/uploads\/ufil.margaritasalas.fuenlabrada\/2023\/04\/UFIL-MS.jpg\" alt=\"\" class=\"wp-image-1564\" srcset=\"https:\/\/site.educa.madrid.org\/ufil.margaritasalas.fuenlabrada\/\/wp-content\/uploads\/ufil.margaritasalas.fuenlabrada\/2023\/04\/UFIL-MS.jpg 1024w, https:\/\/site.educa.madrid.org\/ufil.margaritasalas.fuenlabrada\/\/wp-content\/uploads\/ufil.margaritasalas.fuenlabrada\/2023\/04\/UFIL-MS-300x181.jpg 300w, https:\/\/site.educa.madrid.org\/ufil.margaritasalas.fuenlabrada\/\/wp-content\/uploads\/ufil.margaritasalas.fuenlabrada\/2023\/04\/UFIL-MS-768x463.jpg 768w, https:\/\/site.educa.madrid.org\/ufil.margaritasalas.fuenlabrada\/\/wp-content\/uploads\/ufil.margaritasalas.fuenlabrada\/2023\/04\/UFIL-MS-240x145.jpg 240w\" sizes=\"auto, (max-width: 1024px) 100vw, 1024px\" \/><\/figure>\n\n\n\n<div style=\"height:50px\" aria-hidden=\"true\" class=\"wp-block-spacer\"><\/div>\n\n\n\n<h2 class=\"wp-block-heading\">Perfiles profesionales<\/h2>\n\n\n\n<div style=\"height:20px\" aria-hidden=\"true\" class=\"wp-block-spacer\"><\/div>\n\n\n\n<style type='text\/css' media='all'>#rt-tpg-container-4254946633 .rt-holder .rt-woo-info .price{color:#3c4452;}body .rt-tpg-container .rt-tpg-isotope-buttons .selected,\n\t\t\t\t\t#rt-tpg-container-4254946633 .layout12 .rt-holder:hover .rt-detail,\n\t\t\t\t\t#rt-tpg-container-4254946633 .isotope8 .rt-holder:hover .rt-detail,\n\t\t\t\t\t#rt-tpg-container-4254946633 .carousel8 .rt-holder:hover .rt-detail,\n\t\t\t\t\t#rt-tpg-container-4254946633 .layout13 .rt-holder .overlay .post-info,\n\t\t\t\t\t#rt-tpg-container-4254946633 .isotope9 .rt-holder .overlay .post-info,\n\t\t\t\t\t#rt-tpg-container-4254946633.rt-tpg-container .layout4 .rt-holder .rt-detail,\n\t\t\t\t\t.rt-modal-4254946633 .md-content,\n\t\t\t\t\t.rt-modal-4254946633 .md-content > .rt-md-content-holder .rt-md-content,\n\t\t\t\t\t.rt-popup-wrap-4254946633.rt-popup-wrap .rt-popup-navigation-wrap,\n\t\t\t\t\t#rt-tpg-container-4254946633 .carousel9 .rt-holder .overlay .post-info{background-color:#3c4452;}#rt-tpg-container-4254946633 .layout5 .rt-holder .overlay, #rt-tpg-container-4254946633 .isotope2 .rt-holder .overlay, #rt-tpg-container-4254946633 .carousel2 .rt-holder .overlay,#rt-tpg-container-4254946633 .layout15 .rt-holder h3, #rt-tpg-container-4254946633 .isotope11 .rt-holder h3, #rt-tpg-container-4254946633 .carousel11 .rt-holder h3, #rt-tpg-container-4254946633 .layout16 .rt-holder h3,\n\t\t\t\t\t#rt-tpg-container-4254946633 .isotope12 .rt-holder h3, #rt-tpg-container-4254946633 .carousel12 .rt-holder h3 {background-color:rgba(60,68,82,0.8);}#rt-tpg-container-4254946633 .read-more a{border-radius:px;}#rt-tpg-container-4254946633 .rt-img-holder img.rt-img-responsive,#rt-tpg-container-4254946633 .rt-img-holder,\n\t\t\t\t\t#rt-tpg-container-4254946633 .rt-post-overlay .post-img,\n\t\t\t\t\t#rt-tpg-container-4254946633 .post-sm .post-img,\n\t\t\t\t\t#rt-tpg-container-4254946633 .rt-post-grid .post-img,\n\t\t\t\t\t#rt-tpg-container-4254946633 .post-img img {border-radius:px;}<\/style><div class='rt-container-fluid rt-tpg-container tpg-shortcode-main-wrapper perfiles' id='rt-tpg-container-4254946633'   data-layout='layout1' data-grid-style='even' data-desktop-col='4'  data-tab-col='2'  data-mobile-col='1' data-sc-id='937'><div data-title='Loading ...' class='rt-row rt-content-loader   layout1 tpg-even '><div class=\"rt-col-md-3 rt-col-sm-6 rt-col-xs-12 even-grid-item rt-grid-item\" data-id=\"1277\"><div class=\"rt-holder\"><div class=\"rt-img-holder\"><a data-id=\"1277\" class=\"\" href=\"https:\/\/site.educa.madrid.org\/ufil.margaritasalas.fuenlabrada\/index.php\/2019\/01\/14\/electricidad\/\"><img loading=\"lazy\" decoding=\"async\" width=\"300\" height=\"225\" src=\"https:\/\/site.educa.madrid.org\/ufil.margaritasalas.fuenlabrada\/\/wp-content\/uploads\/ufil.margaritasalas.fuenlabrada\/2022\/12\/Electricidad_trabajando-300x225.jpg\" class=\"rt-img-responsive \" alt=\"\" \/><\/a><\/div><div class='rt-detail'><h2 class=\"entry-title\"><a data-id=\"1277\" class=\"\" href=\"https:\/\/site.educa.madrid.org\/ufil.margaritasalas.fuenlabrada\/index.php\/2019\/01\/14\/electricidad\/\">Electricidad<\/a><\/h2><\/div><\/div><\/div><div class=\"rt-col-md-3 rt-col-sm-6 rt-col-xs-12 even-grid-item rt-grid-item\" data-id=\"107\"><div class=\"rt-holder\"><div class=\"rt-img-holder\"><a data-id=\"107\" class=\"\" href=\"https:\/\/site.educa.madrid.org\/ufil.margaritasalas.fuenlabrada\/index.php\/2019\/01\/14\/cocina\/\"><img loading=\"lazy\" decoding=\"async\" width=\"300\" height=\"145\" src=\"https:\/\/site.educa.madrid.org\/ufil.margaritasalas.fuenlabrada\/\/wp-content\/uploads\/ufil.margaritasalas.fuenlabrada\/2022\/12\/Cocina_trabajando-300x145.jpg\" class=\"rt-img-responsive \" alt=\"\" \/><\/a><\/div><div class='rt-detail'><h2 class=\"entry-title\"><a data-id=\"107\" class=\"\" href=\"https:\/\/site.educa.madrid.org\/ufil.margaritasalas.fuenlabrada\/index.php\/2019\/01\/14\/cocina\/\">Cocina<\/a><\/h2><\/div><\/div><\/div><\/div><\/div>\n\n\n<div class=\"wp-block-image\">\n<figure class=\"aligncenter size-medium\"><img loading=\"lazy\" decoding=\"async\" width=\"300\" height=\"75\" src=\"https:\/\/site.educa.madrid.org\/ufil.margaritasalas.fuenlabrada\/\/wp-content\/uploads\/ufil.margaritasalas.fuenlabrada\/2023\/02\/fse-300x75.jpg\" alt=\"\" class=\"wp-image-1502\" srcset=\"https:\/\/site.educa.madrid.org\/ufil.margaritasalas.fuenlabrada\/\/wp-content\/uploads\/ufil.margaritasalas.fuenlabrada\/2023\/02\/fse-300x75.jpg 300w, https:\/\/site.educa.madrid.org\/ufil.margaritasalas.fuenlabrada\/\/wp-content\/uploads\/ufil.margaritasalas.fuenlabrada\/2023\/02\/fse-1024x256.jpg 1024w, https:\/\/site.educa.madrid.org\/ufil.margaritasalas.fuenlabrada\/\/wp-content\/uploads\/ufil.margaritasalas.fuenlabrada\/2023\/02\/fse-768x192.jpg 768w, https:\/\/site.educa.madrid.org\/ufil.margaritasalas.fuenlabrada\/\/wp-content\/uploads\/ufil.margaritasalas.fuenlabrada\/2023\/02\/fse-1536x384.jpg 1536w, https:\/\/site.educa.madrid.org\/ufil.margaritasalas.fuenlabrada\/\/wp-content\/uploads\/ufil.margaritasalas.fuenlabrada\/2023\/02\/fse-2048x512.jpg 2048w\" sizes=\"auto, (max-width: 300px) 100vw, 300px\" \/><\/figure>\n<\/div>\n\n<div class=\"wp-block-image is-resized\">\n<figure class=\"aligncenter size-full\"><img decoding=\"async\" src=\"https:\/\/site.educa.madrid.org\/ufil.margaritasalas.fuenlabrada\/\/wp-content\/uploads\/ufil.margaritasalas.fuenlabrada\/2024\/07\/Entrada_cesped.jpg\" alt=\"\" class=\"wp-image-1641\" style=\"width:298px;height:auto\"\/><\/figure>\n<\/div>\n\n<div class=\"wp-block-image\">\n<figure class=\"aligncenter size-full is-resized\"><a href=\"https:\/\/site.educa.madrid.org\/ufil.margaritasalas.fuenlabrada\/index.php\/buzon-de-denuncias-del-plan-regional-contra-las-drogas\/\"><img loading=\"lazy\" decoding=\"async\" width=\"680\" height=\"857\" src=\"https:\/\/site.educa.madrid.org\/ufil.margaritasalas.fuenlabrada\/\/wp-content\/uploads\/ufil.margaritasalas.fuenlabrada\/2025\/02\/QR_Buzon.jpg\" alt=\"\" class=\"wp-image-1676\" style=\"width:297px;height:auto\" srcset=\"https:\/\/site.educa.madrid.org\/ufil.margaritasalas.fuenlabrada\/\/wp-content\/uploads\/ufil.margaritasalas.fuenlabrada\/2025\/02\/QR_Buzon.jpg 680w, https:\/\/site.educa.madrid.org\/ufil.margaritasalas.fuenlabrada\/\/wp-content\/uploads\/ufil.margaritasalas.fuenlabrada\/2025\/02\/QR_Buzon-238x300.jpg 238w\" sizes=\"auto, (max-width: 680px) 100vw, 680px\" \/><\/a><\/figure>\n<\/div>","protected":false},"excerpt":{"rendered":"<p>La Unidad de Formaci\u00f3n e Inserci\u00f3n Laboral Margarita Salas es un centro p\u00fablico que imparte los Programas Profesionales de Cocina y de Electricidad en la modalidad de Aulas Profesionales en Fuenlabrada (Madrid). Perfiles profesionales<\/p>\n","protected":false},"author":3,"featured_media":0,"parent":0,"menu_order":0,"comment_status":"closed","ping_status":"closed","template":"page-template\/home-custom.php","meta":{"footnotes":""},"folder":[],"class_list":["post-895","page","type-page","status-publish","hentry"],"rttpg_featured_image_url":null,"rttpg_author":{"display_name":"ufil.margaritasalas.fuenlabrada","author_link":"https:\/\/site.educa.madrid.org\/ufil.margaritasalas.fuenlabrada\/index.php\/author\/cuenta_ufil-margaritasalas-fuenlabrada\/"},"rttpg_comment":0,"rttpg_category":"","rttpg_excerpt":"La Unidad de Formaci\u00f3n e Inserci\u00f3n Laboral Margarita Salas es un centro p\u00fablico que imparte los Programas Profesionales de Cocina y de Electricidad en la modalidad de Aulas Profesionales en Fuenlabrada (Madrid). Perfiles profesionales","post_mailing_queue_ids":[],"_links":{"self":[{"href":"https:\/\/site.educa.madrid.org\/ufil.margaritasalas.fuenlabrada\/index.php\/wp-json\/wp\/v2\/pages\/895","targetHints":{"allow":["GET"]}}],"collection":[{"href":"https:\/\/site.educa.madrid.org\/ufil.margaritasalas.fuenlabrada\/index.php\/wp-json\/wp\/v2\/pages"}],"about":[{"href":"https:\/\/site.educa.madrid.org\/ufil.margaritasalas.fuenlabrada\/index.php\/wp-json\/wp\/v2\/types\/page"}],"author":[{"embeddable":true,"href":"https:\/\/site.educa.madrid.org\/ufil.margaritasalas.fuenlabrada\/index.php\/wp-json\/wp\/v2\/users\/3"}],"replies":[{"embeddable":true,"href":"https:\/\/site.educa.madrid.org\/ufil.margaritasalas.fuenlabrada\/index.php\/wp-json\/wp\/v2\/comments?post=895"}],"version-history":[{"count":43,"href":"https:\/\/site.educa.madrid.org\/ufil.margaritasalas.fuenlabrada\/index.php\/wp-json\/wp\/v2\/pages\/895\/revisions"}],"predecessor-version":[{"id":1761,"href":"https:\/\/site.educa.madrid.org\/ufil.margaritasalas.fuenlabrada\/index.php\/wp-json\/wp\/v2\/pages\/895\/revisions\/1761"}],"wp:attachment":[{"href":"https:\/\/site.educa.madrid.org\/ufil.margaritasalas.fuenlabrada\/index.php\/wp-json\/wp\/v2\/media?parent=895"}],"wp:term":[{"taxonomy":"folder","embeddable":true,"href":"https:\/\/site.educa.madrid.org\/ufil.margaritasalas.fuenlabrada\/index.php\/wp-json\/wp\/v2\/folder?post=895"}],"curies":[{"name":"wp","href":"https:\/\/api.w.org\/{rel}","templated":true}]}}